{"id":4796,"date":"2022-01-06T08:53:02","date_gmt":"2022-01-06T08:53:02","guid":{"rendered":"https:\/\/xexon.io\/privacy-policy\/"},"modified":"2022-05-23T09:28:49","modified_gmt":"2022-05-23T09:28:49","slug":"privacy-policy","status":"publish","type":"page","link":"https:\/\/xexon.io\/vi\/privacy-policy\/","title":{"rendered":"Ch\u00ednh s\u00e1ch b\u1ea3o m\u1eadt"},"content":{"rendered":"<div class=\"fusion-fullwidth fullwidth-box fusion-builder-row-1 fusion-flex-container nonhundred-percent-fullwidth non-hundred-percent-height-scrolling\" style=\"background-color: rgba(255,255,255,0);background-position: center center;background-repeat: no-repeat;border-width: 0px 0px 0px 0px;border-color:hsla(var(--awb-color2-h),var(--awb-color2-s),var(--awb-color2-l),calc( var(--awb-color2-a) - 20% ));border-style:solid;\" ><div class=\"fusion-builder-row fusion-row fusion-flex-align-items-flex-start\" style=\"max-width:1185.6px;margin-left: calc(-4% \/ 2 );margin-right: calc(-4% \/ 2 );\"><div class=\"fusion-layout-column fusion_builder_column fusion-builder-column-0 fusion_builder_column_1_6 1_6 fusion-flex-column\"><div class=\"fusion-column-wrapper fusion-flex-justify-content-flex-start fusion-content-layout-column\" style=\"background-position:left top;background-repeat:no-repeat;-webkit-background-size:cover;-moz-background-size:cover;-o-background-size:cover;background-size:cover;padding: 0px 0px 0px 0px;\"><\/div><style type=\"text\/css\">.fusion-body .fusion-builder-column-0{width:16.666666666667% !important;margin-top : 0px;margin-bottom : 0px;}.fusion-builder-column-0 > .fusion-column-wrapper {padding-top : 0px !important;padding-right : 0px !important;margin-right : 11.52%;padding-bottom : 0px !important;padding-left : 0px !important;margin-left : 11.52%;}@media only screen and (max-width:1024px) {.fusion-body .fusion-builder-column-0{width:100% !important;}.fusion-builder-column-0 > .fusion-column-wrapper {margin-right : 1.92%;margin-left : 1.92%;}}@media only screen and (max-width:640px) {.fusion-body .fusion-builder-column-0{width:100% !important;}.fusion-builder-column-0 > .fusion-column-wrapper {margin-right : 1.92%;margin-left : 1.92%;}}<\/style><\/div><div class=\"fusion-layout-column fusion_builder_column fusion-builder-column-1 fusion_builder_column_2_3 2_3 fusion-flex-column\"><div class=\"fusion-column-wrapper fusion-flex-justify-content-flex-start fusion-content-layout-column\" style=\"background-position:left top;background-repeat:no-repeat;-webkit-background-size:cover;-moz-background-size:cover;-o-background-size:cover;background-size:cover;padding: 0px 0px 0px 0px;\"><style type=\"text\/css\">@media only screen and (max-width:1024px) {.fusion-title.fusion-title-1{margin-top:0px!important; margin-right:0px!important;margin-bottom:31px!important;margin-left:0px!important;}}@media only screen and (max-width:640px) {.fusion-title.fusion-title-1{margin-top:0px!important; margin-right:0px!important;margin-bottom:20px!important; margin-left:0px!important;}}<\/style><div class=\"fusion-title title fusion-title-1 fusion-sep-none fusion-title-text fusion-title-size-two\" style=\"margin-top:0px;margin-right:0px;margin-bottom:31px;margin-left:0px;\"><h2 class=\"title-heading-left fusion-responsive-typography-calculated\" style=\"margin:0;color:var(--awb-color7);--fontSize:30;line-height:var(--awb-typography1-line-height);\">Ch\u00ednh s\u00e1ch b\u1ea3o m\u1eadt<\/h2><\/div><div class=\"fusion-text fusion-text-1\" style=\"color:var(--awb-color7);\"><p>Ch\u00ednh s\u00e1ch b\u1ea3o m\u1eadt n\u00e0y \u0111\u00e3 \u0111\u01b0\u1ee3c bi\u00ean so\u1ea1n \u0111\u1ec3 ph\u1ee5c v\u1ee5 t\u1ed1t h\u01a1n cho nh\u1eefng ng\u01b0\u1eddi quan t\u00e2m \u0111\u1ebfn c\u00e1ch &#8216;Th\u00f4ng tin nh\u1eadn d\u1ea1ng c\u00e1 nh\u00e2n&#8217; (PII) c\u1ee7a h\u1ecd \u0111ang \u0111\u01b0\u1ee3c s\u1eed d\u1ee5ng tr\u1ef1c tuy\u1ebfn. PII, nh\u01b0 \u0111\u01b0\u1ee3c m\u00f4 t\u1ea3 trong lu\u1eadt ri\u00eang t\u01b0 v\u00e0 b\u1ea3o m\u1eadt th\u00f4ng tin, l\u00e0 th\u00f4ng tin c\u00f3 th\u1ec3 \u0111\u01b0\u1ee3c s\u1eed d\u1ee5ng m\u1ed9t m\u00ecnh ho\u1eb7c v\u1edbi c\u00e1c th\u00f4ng tin kh\u00e1c \u0111\u1ec3 x\u00e1c \u0111\u1ecbnh, li\u00ean h\u1ec7 ho\u1eb7c x\u00e1c \u0111\u1ecbnh v\u1ecb tr\u00ed c\u1ee7a m\u1ed9t ng\u01b0\u1eddi ho\u1eb7c \u0111\u1ec3 x\u00e1c \u0111\u1ecbnh m\u1ed9t c\u00e1 nh\u00e2n trong b\u1ed1i c\u1ea3nh. Vui l\u00f2ng \u0111\u1ecdc k\u1ef9 ch\u00ednh s\u00e1ch b\u1ea3o m\u1eadt c\u1ee7a ch\u00fang t\u00f4i \u0111\u1ec3 hi\u1ec3u r\u00f5 v\u1ec1 c\u00e1ch ch\u00fang t\u00f4i thu th\u1eadp, s\u1eed d\u1ee5ng, b\u1ea3o v\u1ec7 ho\u1eb7c x\u1eed l\u00fd Th\u00f4ng tin nh\u1eadn d\u1ea1ng c\u00e1 nh\u00e2n c\u1ee7a b\u1ea1n theo trang web c\u1ee7a ch\u00fang t\u00f4i.<\/p>\n<p><strong>Nh\u1eefng th\u00f4ng tin c\u00e1 nh\u00e2n n\u00e0o ch\u00fang t\u00f4i thu th\u1eadp t\u1eeb nh\u1eefng ng\u01b0\u1eddi truy c\u1eadp website ho\u1eb7c app mobile c\u1ee7a Xexon ?<\/strong><\/p>\n<hr \/>\n<p>Khi b\u1ea1n \u0111\u0103ng k\u00fd s\u1eed d\u1ee5ng d\u1ecbch v\u1ee5, b\u1ea1n s\u1ebd \u0111\u01b0\u1ee3c y\u00eau c\u1ea7u cung c\u1ea5p t\u00ean, \u0111\u1ecba ch\u1ec9 email, v\u00e0 nh\u1eefng th\u00f4ng tin c\u00e1 nh\u00e2n kh\u00e1c \u0111\u1ec3 gi\u00fap ch\u00fang t\u00f4i h\u1ed7 tr\u1ee3 b\u1ea1n s\u1eed d\u1ee5ng d\u1ecbch v\u1ee5 Xexon \u0111\u01b0\u1ee3c t\u1ed1t nh\u1ea5t<\/p>\n<p><strong>Xexon thu th\u1eadp d\u1eef li\u1ec7u kh\u00e1ch h\u00e0ng trong nh\u1eefng tr\u01b0\u1eddng h\u1ee3p n\u00e0o ?<\/strong><\/p>\n<hr \/>\n<p>Ch\u00fang t\u00f4i thu th\u1eadp th\u00f4ng tin kh\u00e1ch h\u00e0ng khi b\u1ea1n \u0111\u0103ng k\u00fd th\u00e0nh vi\u00ean, ho\u1eb7c khi \u0111\u01b0\u1ee3c y\u00eau c\u1ea7u \u0111i\u1ec1n th\u00f4ng tin tr\u00ean trang web c\u1ee7a Xexon<\/p>\n<p><strong>Ch\u00fang t\u00f4i s\u1eed d\u1ee5ng th\u00f4ng tin c\u1ee7a kh\u00e1ch h\u00e0ng ra sao ?<\/strong><\/p>\n<hr \/>\n<p>Ch\u00fang t\u00f4i c\u00f3 th\u1ec3 s\u1eed d\u1ee5ng th\u00f4ng tin ch\u00fang t\u00f4i thu th\u1eadp t\u1eeb b\u1ea1n khi b\u1ea1n \u0111\u0103ng k\u00fd, mua h\u00e0ng, \u0111\u0103ng k\u00fd nh\u1eadn b\u1ea3n tin c\u1ee7a ch\u00fang t\u00f4i, tr\u1ea3 l\u1eddi kh\u1ea3o s\u00e1t ho\u1eb7c truy\u1ec1n th\u00f4ng ti\u1ebfp th\u1ecb, l\u01b0\u1edbt web ho\u1eb7c s\u1eed d\u1ee5ng m\u1ed9t s\u1ed1 t\u00ednh n\u0103ng trang web kh\u00e1c theo nh\u1eefng c\u00e1ch sau:<br \/>\n\u30fb\u0110\u1ec3 c\u00e1 nh\u00e2n h\u00f3a tr\u1ea3i nghi\u1ec7m c\u1ee7a b\u1ea1n v\u00e0 cho ph\u00e9p ch\u00fang t\u00f4i cung c\u1ea5p lo\u1ea1i n\u1ed9i dung v\u00e0 d\u1ecbch v\u1ee5 s\u1ea3n ph\u1ea9m m\u00e0 b\u1ea1n quan t\u00e2m nh\u1ea5t.<br \/>\n\u30fbTo improve our website in order to better serve you.<br \/>\n\u30fb\u0110\u1ec3 nhanh ch\u00f3ng x\u1eed l\u00fd c\u00e1c giao d\u1ecbch c\u1ee7a b\u1ea1n.<\/p>\n<p><strong>L\u00e0m th\u1ebf n\u00e0o ch\u00fang t\u00f4i b\u1ea3o v\u1ec7 th\u00f4ng tin c\u1ee7a b\u1ea1n ?<\/strong><\/p>\n<hr \/>\n<p>Ch\u00fang t\u00f4i s\u1eed d\u1ee5ng ph\u1ea7n m\u1ec1m h\u1ec7 th\u1ed1ng \u0111\u1ec3 qu\u00e9t l\u1ed7 h\u1ed5ng b\u1ea3o m\u1eadt tr\u00ean trang web theo ti\u00eau chu\u1ea9n PCI<br \/>\nCh\u00fang t\u00f4i ch\u1ec9 cung c\u1ea5p c\u00e1c b\u00e0i vi\u1ebft v\u00e0 th\u00f4ng tin m\u1edbi nh\u1ea5t v\u1ec1 nh\u01b0ng d\u1ecbch v\u1ee5 c\u1ee7a Xexon, ho\u00e0n to\u00e0n kh\u00f4ng hi\u1ec3n th\u1ecb th\u00f4ng tin kh\u00e1ch h\u00e0ng l\u00ean trang web m\u1ed9t c\u00e1ch c\u00f4ng c\u1ed9ng<br \/>\nTh\u00f4ng tin c\u00e1 nh\u00e2n c\u1ee7a b\u1ea1n \u0111\u01b0\u1ee3c ch\u1ee9a \u0111\u1eb1ng sau c\u00e1c m\u1ea1ng \u0111\u01b0\u1ee3c b\u1ea3o m\u1eadt v\u00e0 ch\u1ec9 c\u00f3 th\u1ec3 truy c\u1eadp b\u1edfi m\u1ed9t s\u1ed1 l\u01b0\u1ee3ng h\u1ea1n ch\u1ebf nh\u1eefng ng\u01b0\u1eddi c\u00f3 quy\u1ec1n truy c\u1eadp \u0111\u1eb7c bi\u1ec7t v\u00e0o c\u00e1c h\u1ec7 th\u1ed1ng \u0111\u00f3 v\u00e0 \u0111\u01b0\u1ee3c y\u00eau c\u1ea7u gi\u1eef b\u00ed m\u1eadt th\u00f4ng tin. Ngo\u00e0i ra, t\u1ea5t c\u1ea3 th\u00f4ng tin nh\u1ea1y c\u1ea3m\/ t\u00edn d\u1ee5ng b\u1ea1n cung c\u1ea5p \u0111\u1ec1u \u0111\u01b0\u1ee3c m\u00e3 h\u00f3a th\u00f4ng qua c\u00f4ng ngh\u1ec7 Secure Socket Layer (SSL).<br \/>\nCh\u00fang t\u00f4i th\u1ef1c hi\u1ec7n m\u1ed9t lo\u1ea1t c\u00e1c bi\u1ec7n ph\u00e1p b\u1ea3o m\u1eadt khi ng\u01b0\u1eddi d\u00f9ng nh\u1eadp, g\u1eedi ho\u1eb7c truy c\u1eadp th\u00f4ng tin c\u1ee7a h\u1ecd \u0111\u1ec3 duy tr\u00ec s\u1ef1 an to\u00e0n c\u1ee7a th\u00f4ng tin c\u00e1 nh\u00e2n c\u1ee7a b\u1ea1n.<\/p>\n<p><strong>Trang web c\u00f3 s\u1eed d\u1ee5ng cookie thu th\u1eadp th\u00f4ng tin hay kh\u00f4ng ?<\/strong><\/p>\n<hr \/>\n<p>C\u00f3. Cookie l\u00e0 c\u00e1c t\u1ec7p nh\u1ecf m\u00e0 m\u1ed9t trang web ho\u1eb7c nh\u00e0 cung c\u1ea5p d\u1ecbch v\u1ee5 c\u1ee7a n\u00f3 chuy\u1ec3n \u0111\u1ebfn \u1ed5 c\u1ee9ng m\u00e1y t\u00ednh c\u1ee7a b\u1ea1n th\u00f4ng qua tr\u00ecnh duy\u1ec7t Web c\u1ee7a b\u1ea1n (n\u1ebfu b\u1ea1n cho ph\u00e9p) cho ph\u00e9p h\u1ec7 th\u1ed1ng c\u1ee7a trang web ho\u1eb7c nh\u00e0 cung c\u1ea5p d\u1ecbch v\u1ee5 nh\u1eadn ra tr\u00ecnh duy\u1ec7t c\u1ee7a b\u1ea1n v\u00e0 n\u1eafm b\u1eaft v\u00e0 ghi nh\u1edb m\u1ed9t s\u1ed1 th\u00f4ng tin nh\u1ea5t \u0111\u1ecbnh. Ch\u00fang c\u0169ng \u0111\u01b0\u1ee3c s\u1eed d\u1ee5ng \u0111\u1ec3 gi\u00fap ch\u00fang t\u00f4i hi\u1ec3u s\u1edf th\u00edch c\u1ee7a b\u1ea1n d\u1ef1a tr\u00ean ho\u1ea1t \u0111\u1ed9ng trang web tr\u01b0\u1edbc \u0111\u00f3 ho\u1eb7c hi\u1ec7n t\u1ea1i, cho ph\u00e9p ch\u00fang t\u00f4i cung c\u1ea5p cho b\u1ea1n c\u00e1c d\u1ecbch v\u1ee5 \u0111\u01b0\u1ee3c c\u1ea3i thi\u1ec7n. Ch\u00fang t\u00f4i c\u0169ng s\u1eed d\u1ee5ng cookie \u0111\u1ec3 gi\u00fap ch\u00fang t\u00f4i bi\u00ean so\u1ea1n d\u1eef li\u1ec7u t\u1ed5ng h\u1ee3p v\u1ec1 l\u01b0u l\u01b0\u1ee3ng truy c\u1eadp trang web v\u00e0 t\u01b0\u01a1ng t\u00e1c trang web \u0111\u1ec3 ch\u00fang t\u00f4i c\u00f3 th\u1ec3 cung c\u1ea5p tr\u1ea3i nghi\u1ec7m v\u00e0 c\u00f4ng c\u1ee5 trang web t\u1ed1t h\u01a1n trong t\u01b0\u01a1ng lai.<\/p>\n<p><strong>Ch\u00fang t\u00f4i d\u00f9ng cookie \u0111\u1ec3:<\/strong><\/p>\n<hr \/>\n<p>Hi\u1ec3u v\u00e0 l\u01b0u s\u1edf th\u00edch c\u1ee7a ng\u01b0\u1eddi d\u00f9ng cho c\u00e1c l\u1ea7n truy c\u1eadp trong t\u01b0\u01a1ng lai.<br \/>\nBi\u00ean so\u1ea1n d\u1eef li\u1ec7u t\u1ed5ng h\u1ee3p v\u1ec1 l\u01b0u l\u01b0\u1ee3ng truy c\u1eadp trang web v\u00e0 t\u01b0\u01a1ng t\u00e1c trang web \u0111\u1ec3 cung c\u1ea5p tr\u1ea3i nghi\u1ec7m v\u00e0 c\u00f4ng c\u1ee5 trang web t\u1ed1t h\u01a1n trong t\u01b0\u01a1ng lai. Ch\u00fang t\u00f4i c\u0169ng c\u00f3 th\u1ec3 s\u1eed d\u1ee5ng c\u00e1c d\u1ecbch v\u1ee5 \u0111\u00e1ng tin c\u1eady c\u1ee7a b\u00ean th\u1ee9 ba theo d\u00f5i th\u00f4ng tin n\u00e0y thay cho ch\u00fang t\u00f4i.<br \/>\nB\u1ea1n c\u00f3 th\u1ec3 c\u1ea5u h\u00ecnh tr\u00ecnh duy\u1ec7t m\u00e1y t\u00ednh c\u1ee7a b\u1ea1n b\u1eadt c\u1ea3nh b\u00e1o m\u1ed7i khi m\u1ed9t cookie \u0111ang \u0111\u01b0\u1ee3c g\u1eedi \u0111i, ho\u1eb7c b\u1ea1n c\u00f3 th\u1ec3 ch\u1ecdn \u0111\u1ec3 t\u1eaft t\u1ea5t c\u1ea3 c\u00e1c cookie. B\u1ea1n l\u00e0m \u0111i\u1ec1u n\u00e0y th\u00f4ng qua c\u00e0i \u0111\u1eb7t tr\u00ecnh duy\u1ec7t c\u1ee7a b\u1ea1n. V\u00ec c\u1ea5u h\u00ecnh cookie cho t\u1eebng tr\u00ecnh duy\u1ec7t web l\u00e0 kh\u00e1c nhau, h\u00e3y xem Menu Tr\u1ee3 gi\u00fap c\u1ee7a tr\u00ecnh duy\u1ec7t \u0111\u1ec3 t\u00ecm hi\u1ec3u c\u00e1ch s\u1eeda \u0111\u1ed5i cookie c\u1ee7a b\u1ea1n m\u1ed9t c\u00e1ch ch\u00ednh x\u00e1c.<\/p>\n<p><strong>\u0110i\u1ec1u g\u00ec x\u1ea3y ra n\u1ebfu b\u1ea1n t\u1eaft cookie tr\u00ean tr\u00ecnh duy\u1ec7t web?<\/strong><\/p>\n<hr \/>\n<p>N\u1ebfu b\u1ea1n t\u1eaft cookie, m\u1ed9t s\u1ed1 t\u00ednh n\u0103ng gi\u00fap tr\u1ea3i nghi\u1ec7m trang web c\u1ee7a b\u1ea1n hi\u1ec7u qu\u1ea3 h\u01a1n c\u00f3 th\u1ec3 kh\u00f4ng ho\u1ea1t \u0111\u1ed9ng \u0111\u00fang. M\u1ed9t s\u1ed1 t\u00ednh n\u0103ng l\u00e0m cho tr\u1ea3i nghi\u1ec7m trang web c\u1ee7a b\u1ea1n hi\u1ec7u qu\u1ea3 h\u01a1n v\u00e0 c\u00f3 th\u1ec3 kh\u00f4ng ho\u1ea1t \u0111\u1ed9ng \u0111\u00fang.<\/p>\n<p><strong>Chia s\u1ebb th\u00f4ng tin cho b\u00ean th\u1ee9 ba<\/strong><\/p>\n<hr \/>\n<p>Ch\u00fang t\u00f4i kh\u00f4ng b\u00e1n, giao d\u1ecbch ho\u1eb7c chuy\u1ec3n giao cho b\u00ean ngo\u00e0i Th\u00f4ng tin nh\u1eadn d\u1ea1ng c\u00e1 nh\u00e2n c\u1ee7a b\u1ea1n tr\u1eeb khi ch\u00fang t\u00f4i cung c\u1ea5p cho ng\u01b0\u1eddi d\u00f9ng th\u00f4ng b\u00e1o tr\u01b0\u1edbc. \u0110i\u1ec1u n\u00e0y kh\u00f4ng bao g\u1ed3m c\u00e1c \u0111\u1ed1i t\u00e1c l\u01b0u tr\u1eef trang web v\u00e0 c\u00e1c b\u00ean kh\u00e1c h\u1ed7 tr\u1ee3 ch\u00fang t\u00f4i v\u1eadn h\u00e0nh trang web c\u1ee7a ch\u00fang t\u00f4i, ti\u1ebfn h\u00e0nh kinh doanh ho\u1eb7c ph\u1ee5c v\u1ee5 ng\u01b0\u1eddi d\u00f9ng c\u1ee7a ch\u00fang t\u00f4i, mi\u1ec5n l\u00e0 c\u00e1c b\u00ean \u0111\u00f3 \u0111\u1ed3ng \u00fd gi\u1eef b\u00ed m\u1eadt th\u00f4ng tin n\u00e0y. Ch\u00fang t\u00f4i c\u0169ng c\u00f3 th\u1ec3 ti\u1ebft l\u1ed9 th\u00f4ng tin khi n\u00f3 \u0111\u01b0\u1ee3c ph\u00e1t h\u00e0nh l\u00e0 th\u00edch h\u1ee3p \u0111\u1ec3 tu\u00e2n th\u1ee7 lu\u1eadt ph\u00e1p, th\u1ef1c thi ch\u00ednh s\u00e1ch trang web c\u1ee7a ch\u00fang t\u00f4i ho\u1eb7c b\u1ea3o v\u1ec7 quy\u1ec1n, t\u00e0i s\u1ea3n ho\u1eb7c s\u1ef1 an to\u00e0n c\u1ee7a ch\u00fang t\u00f4i ho\u1eb7c ng\u01b0\u1eddi kh\u00e1c.<\/p>\n<p><strong>Nh\u1eefng li\u00ean k\u1ebft \u0111\u1ebfn b\u00ean th\u1ee9 ba<\/strong><\/p>\n<hr \/>\n<p>Ch\u00fang t\u00f4i kh\u00f4ng \u0111\u01b0a v\u00e0o ho\u1eb7c cung c\u1ea5p c\u00e1c s\u1ea3n ph\u1ea9m ho\u1eb7c d\u1ecbch v\u1ee5 c\u1ee7a b\u00ean th\u1ee9 ba tr\u00ean trang web c\u1ee7a ch\u00fang t\u00f4i.<\/p>\n<p><strong>Li\u00ean h\u1ec7 v\u1edbi ch\u00fang t\u00f4i<\/strong><\/p>\n<hr \/>\n<p>N\u1ebfu c\u00f3 b\u1ea5t k\u1ef3 c\u00e2u h\u1ecfi n\u00e0o li\u00ean quan \u0111\u1ebfn ch\u00ednh s\u00e1ch b\u1ea3o m\u1eadt n\u00e0y, b\u1ea1n c\u00f3 th\u1ec3 li\u00ean h\u1ec7 v\u1edbi ch\u00fang t\u00f4i. support@xexon.io<\/p>\n<\/div><div class=\"fusion-separator fusion-full-width-sep\" style=\"align-self: center;margin-left: auto;margin-right: auto;margin-top:120px;width:100%;\"><\/div><\/div><style type=\"text\/css\">.fusion-body .fusion-builder-column-1{width:66.666666666667% !important;margin-top : 0px;margin-bottom : 0px;}.fusion-builder-column-1 > .fusion-column-wrapper {padding-top : 0px !important;padding-right : 0px !important;margin-right : 2.88%;padding-bottom : 0px !important;padding-left : 0px !important;margin-left : 2.88%;}@media only screen and (max-width:1024px) {.fusion-body .fusion-builder-column-1{width:100% !important;}.fusion-builder-column-1 > .fusion-column-wrapper {margin-right : 1.92%;margin-left : 1.92%;}}@media only screen and (max-width:640px) {.fusion-body .fusion-builder-column-1{width:100% !important;}.fusion-builder-column-1 > .fusion-column-wrapper {margin-right : 1.92%;margin-left : 1.92%;}}<\/style><\/div><div class=\"fusion-layout-column fusion_builder_column fusion-builder-column-2 fusion_builder_column_1_6 1_6 fusion-flex-column\"><div class=\"fusion-column-wrapper fusion-flex-justify-content-flex-start fusion-content-layout-column\" style=\"background-position:left top;background-repeat:no-repeat;-webkit-background-size:cover;-moz-background-size:cover;-o-background-size:cover;background-size:cover;padding: 0px 0px 0px 0px;\"><\/div><style type=\"text\/css\">.fusion-body .fusion-builder-column-2{width:16.666666666667% !important;margin-top : 0px;margin-bottom : 0px;}.fusion-builder-column-2 > .fusion-column-wrapper {padding-top : 0px !important;padding-right : 0px !important;margin-right : 11.52%;padding-bottom : 0px !important;padding-left : 0px !important;margin-left : 11.52%;}@media only screen and (max-width:1024px) {.fusion-body .fusion-builder-column-2{width:100% !important;}.fusion-builder-column-2 > .fusion-column-wrapper {margin-right : 1.92%;margin-left : 1.92%;}}@media only screen and (max-width:640px) {.fusion-body .fusion-builder-column-2{width:100% !important;}.fusion-builder-column-2 > .fusion-column-wrapper {margin-right : 1.92%;margin-left : 1.92%;}}<\/style><\/div><\/div><style type=\"text\/css\">.fusion-body .fusion-flex-container.fusion-builder-row-1{ padding-top : 0px;margin-top : 0px;padding-right : 0px;padding-bottom : 0px;margin-bottom : 0px;padding-left : 0px;}<\/style><\/div>\n","protected":false},"excerpt":{"rendered":"","protected":false},"author":1,"featured_media":0,"parent":0,"menu_order":0,"comment_status":"closed","ping_status":"open","template":"","meta":{"footnotes":""},"class_list":["post-4796","page","type-page","status-publish","hentry"],"yoast_head":"<!-- This site is optimized with the Yoast SEO Premium plugin v20.1 (Yoast SEO v24.9) - https:\/\/yoast.com\/wordpress\/plugins\/seo\/ -->\n<title>Ch\u00ednh s\u00e1ch b\u1ea3o m\u1eadt - Xexon<\/title>\n<meta name=\"robots\" content=\"index, follow, max-snippet:-1, max-image-preview:large, max-video-preview:-1\" \/>\n<link rel=\"canonical\" href=\"https:\/\/xexon.io\/vi\/privacy-policy\/\" \/>\n<meta property=\"og:locale\" content=\"vi_VN\" \/>\n<meta property=\"og:type\" content=\"article\" \/>\n<meta property=\"og:title\" content=\"Ch\u00ednh s\u00e1ch b\u1ea3o m\u1eadt\" \/>\n<meta property=\"og:url\" content=\"https:\/\/xexon.io\/vi\/privacy-policy\/\" \/>\n<meta property=\"og:site_name\" content=\"Xexon\" \/>\n<meta property=\"article:modified_time\" content=\"2022-05-23T09:28:49+00:00\" \/>\n<meta name=\"twitter:card\" content=\"summary_large_image\" \/>\n<meta name=\"twitter:label1\" content=\"Est. reading time\" \/>\n\t<meta name=\"twitter:data1\" content=\"12 minutes\" \/>\n<script type=\"application\/ld+json\" class=\"yoast-schema-graph\">{\"@context\":\"https:\/\/schema.org\",\"@graph\":[{\"@type\":\"WebPage\",\"@id\":\"https:\/\/xexon.io\/vi\/privacy-policy\/\",\"url\":\"https:\/\/xexon.io\/vi\/privacy-policy\/\",\"name\":\"Ch\u00ednh s\u00e1ch b\u1ea3o m\u1eadt - Xexon\",\"isPartOf\":{\"@id\":\"https:\/\/xexon.io\/ko\/#website\"},\"datePublished\":\"2022-01-06T08:53:02+00:00\",\"dateModified\":\"2022-05-23T09:28:49+00:00\",\"breadcrumb\":{\"@id\":\"https:\/\/xexon.io\/vi\/privacy-policy\/#breadcrumb\"},\"inLanguage\":\"vi-VN\",\"potentialAction\":[{\"@type\":\"ReadAction\",\"target\":[\"https:\/\/xexon.io\/vi\/privacy-policy\/\"]}]},{\"@type\":\"BreadcrumbList\",\"@id\":\"https:\/\/xexon.io\/vi\/privacy-policy\/#breadcrumb\",\"itemListElement\":[{\"@type\":\"ListItem\",\"position\":1,\"name\":\"Home\",\"item\":\"https:\/\/xexon.io\/vi\/\"},{\"@type\":\"ListItem\",\"position\":2,\"name\":\"Ch\u00ednh s\u00e1ch b\u1ea3o m\u1eadt\"}]},{\"@type\":\"WebSite\",\"@id\":\"https:\/\/xexon.io\/ko\/#website\",\"url\":\"https:\/\/xexon.io\/ko\/\",\"name\":\"Xexon\",\"description\":\"Bitcoin Debit Card for everyone\",\"publisher\":{\"@id\":\"https:\/\/xexon.io\/ko\/#organization\"},\"potentialAction\":[{\"@type\":\"SearchAction\",\"target\":{\"@type\":\"EntryPoint\",\"urlTemplate\":\"https:\/\/xexon.io\/ko\/?s={search_term_string}\"},\"query-input\":{\"@type\":\"PropertyValueSpecification\",\"valueRequired\":true,\"valueName\":\"search_term_string\"}}],\"inLanguage\":\"vi-VN\"},{\"@type\":\"Organization\",\"@id\":\"https:\/\/xexon.io\/ko\/#organization\",\"name\":\"Xexon\",\"url\":\"https:\/\/xexon.io\/ko\/\",\"logo\":{\"@type\":\"ImageObject\",\"inLanguage\":\"vi-VN\",\"@id\":\"https:\/\/xexon.io\/ko\/#\/schema\/logo\/image\/\",\"url\":\"https:\/\/xexon.io\/wp-content\/uploads\/2022\/01\/icon_0117_02.png\",\"contentUrl\":\"https:\/\/xexon.io\/wp-content\/uploads\/2022\/01\/icon_0117_02.png\",\"width\":150,\"height\":150,\"caption\":\"Xexon\"},\"image\":{\"@id\":\"https:\/\/xexon.io\/ko\/#\/schema\/logo\/image\/\"}}]}<\/script>\n<!-- \/ Yoast SEO Premium plugin. -->","yoast_head_json":{"title":"Ch\u00ednh s\u00e1ch b\u1ea3o m\u1eadt - Xexon","robots":{"index":"index","follow":"follow","max-snippet":"max-snippet:-1","max-image-preview":"max-image-preview:large","max-video-preview":"max-video-preview:-1"},"canonical":"https:\/\/xexon.io\/vi\/privacy-policy\/","og_locale":"vi_VN","og_type":"article","og_title":"Ch\u00ednh s\u00e1ch b\u1ea3o m\u1eadt","og_url":"https:\/\/xexon.io\/vi\/privacy-policy\/","og_site_name":"Xexon","article_modified_time":"2022-05-23T09:28:49+00:00","twitter_card":"summary_large_image","twitter_misc":{"Est. reading time":"12 minutes"},"schema":{"@context":"https:\/\/schema.org","@graph":[{"@type":"WebPage","@id":"https:\/\/xexon.io\/vi\/privacy-policy\/","url":"https:\/\/xexon.io\/vi\/privacy-policy\/","name":"Ch\u00ednh s\u00e1ch b\u1ea3o m\u1eadt - Xexon","isPartOf":{"@id":"https:\/\/xexon.io\/ko\/#website"},"datePublished":"2022-01-06T08:53:02+00:00","dateModified":"2022-05-23T09:28:49+00:00","breadcrumb":{"@id":"https:\/\/xexon.io\/vi\/privacy-policy\/#breadcrumb"},"inLanguage":"vi-VN","potentialAction":[{"@type":"ReadAction","target":["https:\/\/xexon.io\/vi\/privacy-policy\/"]}]},{"@type":"BreadcrumbList","@id":"https:\/\/xexon.io\/vi\/privacy-policy\/#breadcrumb","itemListElement":[{"@type":"ListItem","position":1,"name":"Home","item":"https:\/\/xexon.io\/vi\/"},{"@type":"ListItem","position":2,"name":"Ch\u00ednh s\u00e1ch b\u1ea3o m\u1eadt"}]},{"@type":"WebSite","@id":"https:\/\/xexon.io\/ko\/#website","url":"https:\/\/xexon.io\/ko\/","name":"Xexon","description":"Bitcoin Debit Card for everyone","publisher":{"@id":"https:\/\/xexon.io\/ko\/#organization"},"potentialAction":[{"@type":"SearchAction","target":{"@type":"EntryPoint","urlTemplate":"https:\/\/xexon.io\/ko\/?s={search_term_string}"},"query-input":{"@type":"PropertyValueSpecification","valueRequired":true,"valueName":"search_term_string"}}],"inLanguage":"vi-VN"},{"@type":"Organization","@id":"https:\/\/xexon.io\/ko\/#organization","name":"Xexon","url":"https:\/\/xexon.io\/ko\/","logo":{"@type":"ImageObject","inLanguage":"vi-VN","@id":"https:\/\/xexon.io\/ko\/#\/schema\/logo\/image\/","url":"https:\/\/xexon.io\/wp-content\/uploads\/2022\/01\/icon_0117_02.png","contentUrl":"https:\/\/xexon.io\/wp-content\/uploads\/2022\/01\/icon_0117_02.png","width":150,"height":150,"caption":"Xexon"},"image":{"@id":"https:\/\/xexon.io\/ko\/#\/schema\/logo\/image\/"}}]}},"_links":{"self":[{"href":"https:\/\/xexon.io\/vi\/wp-json\/wp\/v2\/pages\/4796","targetHints":{"allow":["GET"]}}],"collection":[{"href":"https:\/\/xexon.io\/vi\/wp-json\/wp\/v2\/pages"}],"about":[{"href":"https:\/\/xexon.io\/vi\/wp-json\/wp\/v2\/types\/page"}],"author":[{"embeddable":true,"href":"https:\/\/xexon.io\/vi\/wp-json\/wp\/v2\/users\/1"}],"replies":[{"embeddable":true,"href":"https:\/\/xexon.io\/vi\/wp-json\/wp\/v2\/comments?post=4796"}],"version-history":[{"count":2,"href":"https:\/\/xexon.io\/vi\/wp-json\/wp\/v2\/pages\/4796\/revisions"}],"predecessor-version":[{"id":4800,"href":"https:\/\/xexon.io\/vi\/wp-json\/wp\/v2\/pages\/4796\/revisions\/4800"}],"wp:attachment":[{"href":"https:\/\/xexon.io\/vi\/wp-json\/wp\/v2\/media?parent=4796"}],"curies":[{"name":"wp","href":"https:\/\/api.w.org\/{rel}","templated":true}]}}