{"id":4468,"date":"2022-02-08T07:54:08","date_gmt":"2022-02-08T07:54:08","guid":{"rendered":"https:\/\/xexon.io\/terms-and-conditions\/"},"modified":"2022-05-23T09:28:40","modified_gmt":"2022-05-23T09:28:40","slug":"terms-and-conditions","status":"publish","type":"page","link":"https:\/\/xexon.io\/vi\/terms-and-conditions\/","title":{"rendered":"\u0110i\u1ec1u kho\u1ea3n v\u00e0 \u0111i\u1ec1u ki\u1ec7n s\u1eed d\u1ee5ng"},"content":{"rendered":"<div class=\"fusion-fullwidth fullwidth-box fusion-builder-row-1 fusion-flex-container nonhundred-percent-fullwidth non-hundred-percent-height-scrolling\" style=\"background-color: rgba(255,255,255,0);background-position: center center;background-repeat: no-repeat;border-width: 0px 0px 0px 0px;border-color:hsla(var(--awb-color2-h),var(--awb-color2-s),var(--awb-color2-l),calc( var(--awb-color2-a) - 20% ));border-style:solid;\" ><div class=\"fusion-builder-row fusion-row fusion-flex-align-items-flex-start\" style=\"max-width:1185.6px;margin-left: calc(-4% \/ 2 );margin-right: calc(-4% \/ 2 );\"><div class=\"fusion-layout-column fusion_builder_column fusion-builder-column-0 fusion_builder_column_1_6 1_6 fusion-flex-column\"><div class=\"fusion-column-wrapper fusion-flex-justify-content-flex-start fusion-content-layout-column\" style=\"background-position:left top;background-repeat:no-repeat;-webkit-background-size:cover;-moz-background-size:cover;-o-background-size:cover;background-size:cover;padding: 0px 0px 0px 0px;\"><\/div><style type=\"text\/css\">.fusion-body .fusion-builder-column-0{width:16.666666666667% !important;margin-top : 0px;margin-bottom : 0px;}.fusion-builder-column-0 > .fusion-column-wrapper {padding-top : 0px !important;padding-right : 0px !important;margin-right : 11.52%;padding-bottom : 0px !important;padding-left : 0px !important;margin-left : 11.52%;}@media only screen and (max-width:1024px) {.fusion-body .fusion-builder-column-0{width:100% !important;}.fusion-builder-column-0 > .fusion-column-wrapper {margin-right : 1.92%;margin-left : 1.92%;}}@media only screen and (max-width:640px) {.fusion-body .fusion-builder-column-0{width:100% !important;}.fusion-builder-column-0 > .fusion-column-wrapper {margin-right : 1.92%;margin-left : 1.92%;}}<\/style><\/div><div class=\"fusion-layout-column fusion_builder_column fusion-builder-column-1 fusion_builder_column_2_3 2_3 fusion-flex-column\"><div class=\"fusion-column-wrapper fusion-flex-justify-content-flex-start fusion-content-layout-column\" style=\"background-position:left top;background-repeat:no-repeat;-webkit-background-size:cover;-moz-background-size:cover;-o-background-size:cover;background-size:cover;padding: 0px 0px 0px 0px;\"><style type=\"text\/css\">@media only screen and (max-width:1024px) {.fusion-title.fusion-title-1{margin-top:0px!important; margin-right:0px!important;margin-bottom:31px!important;margin-left:0px!important;}}@media only screen and (max-width:640px) {.fusion-title.fusion-title-1{margin-top:0px!important; margin-right:0px!important;margin-bottom:20px!important; margin-left:0px!important;}}<\/style><div class=\"fusion-title title fusion-title-1 fusion-sep-none fusion-title-text fusion-title-size-two\" style=\"margin-top:0px;margin-right:0px;margin-bottom:31px;margin-left:0px;\"><h2 class=\"title-heading-left fusion-responsive-typography-calculated\" style=\"margin:0;color:var(--awb-color7);--fontSize:30;line-height:var(--awb-typography1-line-height);\">\u0110i\u1ec1u kho\u1ea3n v\u00e0 \u0111i\u1ec1u ki\u1ec7n s\u1eed d\u1ee5ng<\/h2><\/div><div class=\"fusion-text fusion-text-1\" style=\"color:var(--awb-color7);\"><p><strong>I. GI\u1edaI THI\u1ec6U<\/strong><\/p>\n<hr \/>\n<p>C\u00e1c \u0110i\u1ec1u kho\u1ea3n v\u00e0 \u0110i\u1ec1u ki\u1ec7n n\u00e0y (c\u00e1c &#8220;\u0110i\u1ec1u kho\u1ea3n&#8221; ho\u1eb7c &#8220;\u0110i\u1ec1u kho\u1ea3n v\u00e0 \u0110i\u1ec1u ki\u1ec7n&#8221; n\u00e0y) c\u00f3 trong t\u00e0i li\u1ec7u tr\u00ean website n\u00e0y, s\u1ebd chi ph\u1ed1i vi\u1ec7c b\u1ea1n s\u1eed d\u1ee5ng c\u00e1c d\u1ecbch v\u1ee5 c\u1ee7a Xexon, bao g\u1ed3m t\u1ea5t c\u1ea3 c\u00e1c trang trong website n\u00e0y (\u0111\u01b0\u1ee3c g\u1ecdi chung \u1edf \u0111\u00e2y l\u00e0 &#8220;website&#8221; n\u00e0y). C\u00e1c \u0110i\u1ec1u kho\u1ea3n n\u00e0y \u00e1p d\u1ee5ng \u0111\u1ea7y \u0111\u1ee7 hi\u1ec7u l\u1ef1c v\u00e0 c\u00f3 hi\u1ec7u l\u1ef1c \u0111\u1ed1i v\u1edbi vi\u1ec7c b\u1ea1n s\u1eed d\u1ee5ng website n\u00e0y v\u00e0 b\u1eb1ng c\u00e1ch s\u1eed d\u1ee5ng website n\u00e0y, b\u1ea1n ch\u1ea5p nh\u1eadn t\u1ea5t c\u1ea3 c\u00e1c \u0110i\u1ec1u kho\u1ea3n v\u00e0 \u0110i\u1ec1u ki\u1ec7n c\u00f3 trong t\u00e0i li\u1ec7u n\u00e0y m\u1ed9t c\u00e1ch \u0111\u1ea7y \u0111\u1ee7. B\u1ea1n c\u00f3 quy\u1ec1n t\u1eeb ch\u1ed1i s\u1eed d\u1ee5ng d\u1ecbch v\u1ee5 c\u1ee7a Xexon n\u1ebfu b\u1ea1n kh\u00f4ng \u0111\u1ed3ng \u00fd v\u1edbi nh\u1eefng \u0111i\u1ec1u kho\u1ea3n v\u00e0 \u0111i\u1ec1u ki\u1ec7n s\u1eed d\u1ee5ng n\u00e0y.<br \/>\nTrang web n\u00e0y kh\u00f4ng d\u00e0nh cho b\u1ea5t k\u1ef3 tr\u1ebb v\u1ecb th\u00e0nh ni\u00ean n\u00e0o (\u0111\u01b0\u1ee3c \u0111\u1ecbnh ngh\u0129a l\u00e0 nh\u1eefng ng\u01b0\u1eddi d\u01b0\u1edbi 18 tu\u1ed5i) v\u00e0 b\u1ea1n kh\u00f4ng \u0111\u01b0\u1ee3c s\u1eed d\u1ee5ng Trang web n\u00e0y n\u1ebfu b\u1ea1n l\u00e0 tr\u1ebb v\u1ecb th\u00e0nh ni\u00ean.<\/p>\n<p><strong>II.QUY\u1ec0N S\u1ede H\u1eeeU TR\u00cd TU\u1ec6<\/strong><\/p>\n<hr \/>\n<p>Ngo\u00e0i n\u1ed9i dung b\u1ea1n s\u1edf h\u1eefu, m\u00e0 b\u1ea1n c\u00f3 th\u1ec3 \u0111\u00e3 ch\u1ecdn \u0111\u01b0a v\u00e0o Trang web n\u00e0y, theo c\u00e1c \u0110i\u1ec1u kho\u1ea3n n\u00e0y, Xexon v\u00e0 \/ ho\u1eb7c ng\u01b0\u1eddi c\u1ea5p ph\u00e9p s\u1edf h\u1eefu t\u1ea5t c\u1ea3 c\u00e1c quy\u1ec1n \u0111\u1ed1i v\u1edbi t\u00e0i s\u1ea3n tr\u00ed tu\u1ec7 v\u00e0 t\u00e0i li\u1ec7u c\u00f3 trong Trang web n\u00e0y v\u00e0 t\u1ea5t c\u1ea3 c\u00e1c quy\u1ec1n \u0111\u00f3 \u0111\u01b0\u1ee3c b\u1ea3o l\u01b0u. B\u1ea1n ch\u1ec9 \u0111\u01b0\u1ee3c c\u1ea5p gi\u1ea5y ph\u00e9p h\u1ea1n ch\u1ebf, t\u00f9y thu\u1ed9c v\u00e0o c\u00e1c h\u1ea1n ch\u1ebf \u0111\u01b0\u1ee3c quy \u0111\u1ecbnh trong c\u00e1c \u0110i\u1ec1u kho\u1ea3n n\u00e0y, cho m\u1ee5c \u0111\u00edch xem t\u00e0i li\u1ec7u c\u00f3 tr\u00ean Trang web n\u00e0y.<\/p>\n<p><strong>III. H\u1ea0N CH\u1ebe<\/strong><\/p>\n<hr \/>\n<p>B\u1ea1n s\u1ebd b\u1ecb h\u1ea1n ch\u1ebf m\u1ed9t c\u00e1ch r\u00f5 r\u00e0ng v\u00e0 d\u1ee9t kho\u00e1t \u0111\u1ed1i v\u1edbi t\u1ea5t c\u1ea3 nh\u1eefng \u0111i\u1ec1u sau \u0111\u00e2y:<\/p>\n<p>1. B\u00e1n, c\u1ea5p gi\u1ea5y ph\u00e9p con v\u00e0\/ho\u1eb7c th\u01b0\u01a1ng m\u1ea1i h\u00f3a b\u1ea5t k\u1ef3 t\u00e0i li\u1ec7u n\u00e0o tr\u00ean website n\u00e1y<br \/>\n2. S\u1eed d\u1ee5ng c\u00e1c ph\u01b0\u01a1ng ti\u1ec7n, c\u00e1ch th\u1ee9c m\u00e0 c\u00f3 th\u1ec3 l\u00e0m h\u01b0 h\u1ea1i website n\u00e0y<br \/>\n3. S\u1eed d\u1ee5ng c\u00e1c ph\u01b0\u01a1ng ti\u1ec7n, c\u00e1ch th\u1ee9c m\u00e0 c\u00f3 th\u1ec3 l\u00e0m \u1ea3nh h\u01b0\u1edfng \u0111\u1ebfn nh\u1eefng user kh\u00e1c c\u1ee7a website n\u00e0y<br \/>\n4. S\u1eed d\u1ee5ng Trang web n\u00e0y tr\u00e1i v\u1edbi lu\u1eadt ph\u00e1p v\u00e0 quy \u0111\u1ecbnh hi\u1ec7n h\u00e0nh<br \/>\n5. L\u00e0m t\u1ed5n h\u1ea1i, h\u01b0 h\u1ecfng website, v\u00e0 t\u1ea5n c\u00f4ng \u1ea3nh h\u01b0\u1edfng \u0111\u1ebfn c\u00e1c c\u00e1 nh\u00e2n (user) ho\u1eb7c th\u1ef1c th\u1ec3 li\u00ean quan \u0111\u1ebfn website<br \/>\n6. Tham gia v\u00e0o b\u1ea5t k\u1ef3 ho\u1ea1t \u0111\u1ed9ng khai th\u00e1c d\u1eef li\u1ec7u, thu th\u1eadp d\u1eef li\u1ec7u, tr\u00edch xu\u1ea5t d\u1eef li\u1ec7u ho\u1eb7c b\u1ea5t k\u1ef3 ho\u1ea1t \u0111\u1ed9ng t\u01b0\u01a1ng t\u1ef1 n\u00e0o kh\u00e1c li\u00ean quan \u0111\u1ebfn Trang web n\u00e0y ho\u1eb7c trong khi s\u1eed d\u1ee5ng Trang web n\u00e0y;<\/p>\n<p>M\u1ed9t s\u1ed1 n\u1ed9i dung c\u1ee7a website b\u1ea1n s\u1ebd b\u1ecb h\u1ea1n ch\u1ebf truy c\u1eadp, v\u00e0 qu\u1ea3n tr\u1ecb website c\u00f3 quy\u1ec1n ng\u0103n ch\u1eb7n b\u1ea1n truy c\u1eadp v\u00e0o b\u1ea5t c\u1ee9 n\u1ed9i dung n\u00e0o tr\u00ean website n\u1ebfu ph\u00e1t hi\u1ec7n vi ph\u1ea1m m\u00e0 kh\u00f4ng c\u1ea7n b\u00e1o tr\u01b0\u1edbc. Vi\u1ec7c qu\u1ea3n l\u00fd th\u00f4ng tin truy c\u1eadp nh\u01b0 ID\/ m\u1eadt kh\u1ea9u truy c\u1eadp, thu\u1ed9c ho\u00e0n to\u00e0n tr\u00e1ch nhi\u1ec7m qu\u1ea3n l\u00fd c\u1ee7a ri\u00eang b\u1ea1n<\/p>\n<p><strong>IV. N\u1ed8I DUNG C\u1ee6A B\u1ea0N<\/strong><\/p>\n<hr \/>\n<p>Trong c\u00e1c \u0110i\u1ec1u kho\u1ea3n v\u00e0 \u0110i\u1ec1u ki\u1ec7n n\u00e0y, &#8220;N\u1ed9i dung c\u1ee7a b\u1ea1n&#8221; c\u00f3 ngh\u0129a l\u00e0 b\u1ea5t k\u1ef3 \u00e2m thanh, video, v\u0103n b\u1ea3n, h\u00ecnh \u1ea3nh ho\u1eb7c t\u00e0i li\u1ec7u kh\u00e1c m\u00e0 b\u1ea1n ch\u1ecdn \u0111\u1ec3 hi\u1ec3n th\u1ecb tr\u00ean Trang web n\u00e0y. \u0110\u1ed1i v\u1edbi N\u1ed9i dung c\u1ee7a b\u1ea1n, b\u1eb1ng c\u00e1ch hi\u1ec3n th\u1ecb n\u1ed9i dung \u0111\u00f3, b\u1ea1n c\u1ea5p cho Xexon m\u1ed9t gi\u1ea5y ph\u00e9p kh\u00f4ng \u0111\u1ed9c quy\u1ec1n, tr\u00ean to\u00e0n th\u1ebf gi\u1edbi, kh\u00f4ng th\u1ec3 h\u1ee7y b\u1ecf, mi\u1ec5n ph\u00ed b\u1ea3n quy\u1ec1n, gi\u1ea5y ph\u00e9p con \u0111\u1ec3 s\u1eed d\u1ee5ng, sao ch\u00e9p, th\u00edch nghi, xu\u1ea5t b\u1ea3n, d\u1ecbch v\u00e0 ph\u00e2n ph\u1ed1i n\u00f3 trong b\u1ea5t k\u1ef3 v\u00e0 t\u1ea5t c\u1ea3 c\u00e1c ph\u01b0\u01a1ng ti\u1ec7n truy\u1ec1n th\u00f4ng.<br \/>\nN\u1ed9i dung c\u1ee7a b\u1ea1n ph\u1ea3i l\u00e0 c\u1ee7a ri\u00eang b\u1ea1n v\u00e0 kh\u00f4ng \u0111\u01b0\u1ee3c vi ph\u1ea1m quy\u1ec1n c\u1ee7a b\u1ea5t k\u1ef3 b\u00ean th\u1ee9 ba n\u00e0o. Xexon c\u00f3 quy\u1ec1n x\u00f3a b\u1ea5t k\u1ef3 n\u1ed9i dung n\u00e0o c\u1ee7a b\u1ea1n kh\u1ecfi Trang web n\u00e0y b\u1ea5t c\u1ee9 l\u00fac n\u00e0o v\u00e0 v\u00ec b\u1ea5t k\u1ef3 l\u00fd do g\u00ec, m\u00e0 kh\u00f4ng c\u1ea7n th\u00f4ng b\u00e1o.<\/p>\n<p><strong>V.KH\u00d4NG CAM K\u1ebeT B\u1ea2O H\u00c0NH<\/strong><\/p>\n<hr \/>\n<p>Trang web n\u00e0y \u0111\u01b0\u1ee3c cung c\u1ea5p &#8220;nh\u01b0 nh\u1eefng g\u00ec n\u00f3 hi\u1ec3n th\u1ecb&#8221;, v\u1edbi t\u1ea5t c\u1ea3 c\u00e1c l\u1ed7i n\u1ebfu c\u00f3, v\u00e0 Xexon kh\u00f4ng \u0111\u01b0a ra c\u00e1c \u0111\u1ea1i di\u1ec7n ho\u1eb7c b\u1ea3o h\u00e0nh r\u00f5 r\u00e0ng ho\u1eb7c h\u00e0m \u00fd, d\u01b0\u1edbi b\u1ea5t k\u1ef3 h\u00ecnh th\u1ee9c n\u00e0o li\u00ean quan \u0111\u1ebfn Trang web n\u00e0y ho\u1eb7c c\u00e1c t\u00e0i li\u1ec7u c\u00f3 tr\u00ean Trang web n\u00e0y. Ngo\u00e0i ra, to\u00e0n b\u1ed9 n\u1ed9i dung tr\u00ean Trang web n\u00e0y s\u1ebd kh\u00f4ng \u0111\u01b0\u1ee3c hi\u1ec3u l\u00e0 cung c\u1ea5p t\u01b0 v\u1ea5n ho\u1eb7c t\u01b0 v\u1ea5n cho b\u1ea1n.<\/p>\n<p><strong>VI.GI\u1edaI H\u1ea0N TR\u00c1CH NHI\u1ec6M PH\u00c1P L\u00dd<\/strong><\/p>\n<hr \/>\n<p>Trong m\u1ecdi tr\u01b0\u1eddng h\u1ee3p, Xexon, c\u0169ng nh\u01b0 b\u1ea5t k\u1ef3 c\u00e1n b\u1ed9, gi\u00e1m \u0111\u1ed1c v\u00e0 nh\u00e2n vi\u00ean n\u00e0o c\u1ee7a Xexon, s\u1ebd kh\u00f4ng ch\u1ecbu tr\u00e1ch nhi\u1ec7m v\u1edbi b\u1ea1n v\u1ec1 b\u1ea5t c\u1ee9 \u0111i\u1ec1u g\u00ec ph\u00e1t sinh t\u1eeb ho\u1eb7c d\u01b0\u1edbi b\u1ea5t k\u1ef3 h\u00ecnh th\u1ee9c n\u00e0o li\u00ean quan \u0111\u1ebfn vi\u1ec7c b\u1ea1n s\u1eed d\u1ee5ng Trang web n\u00e0y, cho d\u00f9 tr\u00e1ch nhi\u1ec7m \u0111\u00f3 theo h\u1ee3p \u0111\u1ed3ng, \u00e9p bu\u1ed9c hay kh\u00f4ng, v\u00e0 Xexon, bao g\u1ed3m c\u1ea3 c\u00e1n b\u1ed9, gi\u00e1m \u0111\u1ed1c v\u00e0 nh\u00e2n vi\u00ean c\u1ee7a Xexon s\u1ebd kh\u00f4ng ch\u1ecbu tr\u00e1ch nhi\u1ec7m cho b\u1ea5t k\u1ef3 h\u1eadu qu\u1ea3 d\u00f9 l\u00e0 gi\u00e1n ti\u1ebfp n\u00e0o, h\u1eadu qu\u1ea3 ho\u1eb7c tr\u00e1ch nhi\u1ec7m \u0111\u1eb7c bi\u1ec7t ph\u00e1t sinh t\u1eeb ho\u1eb7c d\u01b0\u1edbi b\u1ea5t k\u1ef3 h\u00ecnh th\u1ee9c n\u00e0o li\u00ean quan \u0111\u1ebfn vi\u1ec7c b\u1ea1n s\u1eed d\u1ee5ng Trang web n\u00e0y.<\/p>\n<p><strong>VII. B\u1ed2I TH\u01af\u1edcNG<\/strong><\/p>\n<hr \/>\n<p>B\u1ea1n ph\u1ea3i b\u1ed3i th\u01b0\u1eddng to\u00e0n b\u1ed9 chi ph\u00ed, thi\u1ec7t h\u1ea1i v\u00e0 ph\u00ed t\u1ed5n (bao g\u1ed3m ph\u00ed lu\u1eadt s\u01b0) ph\u00e1t sinh t\u1eeb ho\u1eb7c d\u01b0\u1edbi b\u1ea5t k\u1ef3 h\u00ecnh th\u1ee9c n\u00e0o li\u00ean quan \u0111\u1ebfn vi\u1ec7c b\u1ea1n vi ph\u1ea1m b\u1ea5t k\u1ef3 \u0111i\u1ec1u kho\u1ea3n n\u00e0o c\u1ee7a c\u00e1c \u0110i\u1ec1u kho\u1ea3n n\u00e0y.<\/p>\n<p><strong>VIII. \u0110\u1ed2NG \u00dd GIAO TI\u1ebeP<\/strong><\/p>\n<hr \/>\n<p>B\u1ea1n \u0111\u1ed3ng \u00fd ho\u00e0n to\u00e0n v\u1edbi vi\u1ec7c Xexon s\u1eed d\u1ee5ng s\u1ed1 \u0111i\u1ec7n tho\u1ea1i di \u0111\u1ed9ng c\u1ee7a b\u1ea1n cho m\u1ee5c \u0111\u00edch cung c\u1ea5p b\u1ea5t k\u1ef3 th\u00f4ng tin n\u00e0o v\u00e0 g\u1eedi b\u1ea5t k\u1ef3 tin nh\u1eafn v\u00e0 th\u00f4ng b\u00e1o n\u00e0o li\u00ean quan \u0111\u1ebfn quan h\u1ec7 h\u1ee3p \u0111\u1ed3ng c\u1ee7a b\u1ea1n v\u00e0 Xexon, bao g\u1ed3m c\u1ea3 m\u1ee5c \u0111\u00edch ti\u1ebfp th\u1ecb.<\/p>\n<p><strong>IX. HI\u1ec6U L\u1ef0C \u0110I\u1ec0U KHO\u1ea2N<\/strong><\/p>\n<hr \/>\n<p>N\u1ebfu b\u1ea5t k\u1ef3 \u0111i\u1ec1u kho\u1ea3n n\u00e0o c\u1ee7a c\u00e1c \u0110i\u1ec1u kho\u1ea3n n\u00e0y \u0111\u01b0\u1ee3c nh\u1eadn th\u1ea5y l\u00e0 kh\u00f4ng th\u1ec3 thi h\u00e0nh ho\u1eb7c kh\u00f4ng h\u1ee3p l\u1ec7 theo b\u1ea5t k\u1ef3 lu\u1eadt hi\u1ec7n h\u00e0nh n\u00e0o, vi\u1ec7c kh\u00f4ng th\u1ec3 thi h\u00e0nh ho\u1eb7c kh\u00f4ng h\u1ee3p l\u1ec7 nh\u01b0 v\u1eady s\u1ebd kh\u00f4ng l\u00e0m cho c\u00e1c \u0110i\u1ec1u kho\u1ea3n n\u00e0y kh\u00f4ng th\u1ec3 thi h\u00e0nh ho\u1eb7c kh\u00f4ng h\u1ee3p l\u1ec7 n\u00f3i chung v\u00e0 c\u00e1c \u0111i\u1ec1u kho\u1ea3n \u0111\u00f3 s\u1ebd b\u1ecb x\u00f3a m\u00e0 kh\u00f4ng \u1ea3nh h\u01b0\u1edfng \u0111\u1ebfn c\u00e1c \u0111i\u1ec1u kho\u1ea3n c\u00f2n l\u1ea1i trong t\u00e0i li\u1ec7u n\u00e0y.<\/p>\n<p><strong>X. THAY \u0110\u1ed4I V\u00c0 C\u1eacP NH\u1eacT \u0110I\u1ec0U KHO\u1ea2N<\/strong><\/p>\n<hr \/>\n<p>Xexon c\u00f3 quy\u1ec1n s\u1eeda \u0111\u1ed5i c\u00e1c \u0110i\u1ec1u kho\u1ea3n n\u00e0y b\u1ea5t c\u1ee9 l\u00fac n\u00e0o khi th\u1ea5y ph\u00f9 h\u1ee3p v\u00e0 b\u1eb1ng c\u00e1ch s\u1eed d\u1ee5ng Trang web n\u00e0y, b\u1ea1n ph\u1ea3i xem x\u00e9t c\u00e1c \u0110i\u1ec1u kho\u1ea3n \u0111\u00f3 m\u1ed9t c\u00e1ch th\u01b0\u1eddng xuy\u00ean \u0111\u1ec3 \u0111\u1ea3m b\u1ea3o b\u1ea1n hi\u1ec3u t\u1ea5t c\u1ea3 c\u00e1c \u0110i\u1ec1u kho\u1ea3n v\u00e0 \u0110i\u1ec1u ki\u1ec7n \u0111i\u1ec1u ch\u1ec9nh vi\u1ec7c s\u1eed d\u1ee5ng Trang web n\u00e0y.<\/p>\n<p><strong>XI. CHUY\u1ec2N NH\u01af\u1ee2NG<\/strong><\/p>\n<hr \/>\n<p>Xexon \u0111\u01b0\u1ee3c ph\u00e9p ch\u1ec9 \u0111\u1ecbnh, chuy\u1ec3n nh\u01b0\u1ee3ng v\u00e0 k\u00fd h\u1ee3p \u0111\u1ed3ng ph\u1ee5 c\u00e1c quy\u1ec1n v\u00e0\/ho\u1eb7c ngh\u0129a v\u1ee5 c\u1ee7a m\u00ecnh theo c\u00e1c \u0110i\u1ec1u kho\u1ea3n n\u00e0y m\u00e0 kh\u00f4ng c\u1ea7n b\u1ea5t k\u1ef3 th\u00f4ng b\u00e1o ho\u1eb7c s\u1ef1 \u0111\u1ed3ng \u00fd n\u00e0o. Tuy nhi\u00ean, b\u1ea1n s\u1ebd kh\u00f4ng \u0111\u01b0\u1ee3c ph\u00e9p ch\u1ec9 \u0111\u1ecbnh, chuy\u1ec3n nh\u01b0\u1ee3ng ho\u1eb7c k\u00fd h\u1ee3p \u0111\u1ed3ng ph\u1ee5 b\u1ea5t k\u1ef3 quy\u1ec1n v\u00e0\/ho\u1eb7c ngh\u0129a v\u1ee5 n\u00e0o c\u1ee7a b\u1ea1n theo c\u00e1c \u0110i\u1ec1u kho\u1ea3n n\u00e0y.<\/p>\n<p><strong>XII. \u0110\u1ed2NG \u00dd HO\u00c0N TO\u00c0N<\/strong><\/p>\n<hr \/>\n<p>C\u00e1c \u0110i\u1ec1u kho\u1ea3n n\u00e0y, bao g\u1ed3m b\u1ea5t k\u1ef3 th\u00f4ng b\u00e1o ph\u00e1p l\u00fd v\u00e0 tuy\u00ean b\u1ed1 t\u1eeb ch\u1ed1i tr\u00e1ch nhi\u1ec7m n\u00e0o c\u00f3 tr\u00ean Trang web n\u00e0y, t\u1ea1o th\u00e0nh to\u00e0n b\u1ed9 th\u1ecfa thu\u1eadn gi\u1eefa Xexon v\u00e0 b\u1ea1n li\u00ean quan \u0111\u1ebfn vi\u1ec7c b\u1ea1n s\u1eed d\u1ee5ng Trang web n\u00e0y v\u00e0 thay th\u1ebf t\u1ea5t c\u1ea3 c\u00e1c th\u1ecfa thu\u1eadn v\u00e0 hi\u1ec3u bi\u1ebft tr\u01b0\u1edbc \u0111\u00f3 c\u00f3 li\u00ean quan<\/p>\n<p><strong>XIII. LU\u1eacT NH\u00c0 N\u01af\u1edaC V\u00c0 QUY\u1ec0N H\u1ea0N<\/strong><\/p>\n<hr \/>\n<p>Nh\u1eefng \u0111i\u1ec1u kho\u1ea3n n\u00e0y s\u1ebd \u0111\u01b0\u1ee3c \u0111i\u1ec1u ch\u1ec9nh v\u00e0 gi\u1ea3i th\u00edch ph\u00f9 h\u1ee3p theo lu\u1eadt ph\u00e1p s\u1edf t\u1ea1i c\u1ee7a ch\u1ee7 trang web, v\u00e0 b\u1ea1n ph\u1ea3i tu\u00e2n th\u1ee7 theo lu\u1eadt s\u1edf t\u1ea1i n\u00e0y c\u1ee7a ch\u1ee7 trang web \u0111\u1ec3 gi\u1ea3i quy\u1ebft nh\u1eefng tranh ch\u1ea5p n\u1ebfu c\u00f3.<\/p>\n<\/div><div class=\"fusion-separator fusion-full-width-sep\" style=\"align-self: center;margin-left: auto;margin-right: auto;margin-top:120px;width:100%;\"><\/div><\/div><style type=\"text\/css\">.fusion-body .fusion-builder-column-1{width:66.666666666667% !important;margin-top : 0px;margin-bottom : 0px;}.fusion-builder-column-1 > .fusion-column-wrapper {padding-top : 0px !important;padding-right : 0px !important;margin-right : 2.88%;padding-bottom : 0px !important;padding-left : 0px !important;margin-left : 2.88%;}@media only screen and (max-width:1024px) {.fusion-body .fusion-builder-column-1{width:100% !important;}.fusion-builder-column-1 > .fusion-column-wrapper {margin-right : 1.92%;margin-left : 1.92%;}}@media only screen and (max-width:640px) {.fusion-body .fusion-builder-column-1{width:100% !important;}.fusion-builder-column-1 > .fusion-column-wrapper {margin-right : 1.92%;margin-left : 1.92%;}}<\/style><\/div><div class=\"fusion-layout-column fusion_builder_column fusion-builder-column-2 fusion_builder_column_1_6 1_6 fusion-flex-column\"><div class=\"fusion-column-wrapper fusion-flex-justify-content-flex-start fusion-content-layout-column\" style=\"background-position:left top;background-repeat:no-repeat;-webkit-background-size:cover;-moz-background-size:cover;-o-background-size:cover;background-size:cover;padding: 0px 0px 0px 0px;\"><\/div><style type=\"text\/css\">.fusion-body .fusion-builder-column-2{width:16.666666666667% !important;margin-top : 0px;margin-bottom : 0px;}.fusion-builder-column-2 > .fusion-column-wrapper {padding-top : 0px !important;padding-right : 0px !important;margin-right : 11.52%;padding-bottom : 0px !important;padding-left : 0px !important;margin-left : 11.52%;}@media only screen and (max-width:1024px) {.fusion-body .fusion-builder-column-2{width:100% !important;}.fusion-builder-column-2 > .fusion-column-wrapper {margin-right : 1.92%;margin-left : 1.92%;}}@media only screen and (max-width:640px) {.fusion-body .fusion-builder-column-2{width:100% !important;}.fusion-builder-column-2 > .fusion-column-wrapper {margin-right : 1.92%;margin-left : 1.92%;}}<\/style><\/div><\/div><style type=\"text\/css\">.fusion-body .fusion-flex-container.fusion-builder-row-1{ padding-top : 0px;margin-top : 0px;padding-right : 0px;padding-bottom : 0px;margin-bottom : 0px;padding-left : 0px;}<\/style><\/div>\n","protected":false},"excerpt":{"rendered":"","protected":false},"author":1,"featured_media":0,"parent":0,"menu_order":0,"comment_status":"closed","ping_status":"open","template":"","meta":{"footnotes":""},"class_list":["post-4468","page","type-page","status-publish","hentry"],"yoast_head":"<!-- This site is optimized with the Yoast SEO Premium plugin v20.1 (Yoast SEO v24.9) - https:\/\/yoast.com\/wordpress\/plugins\/seo\/ -->\n<title>\u0110i\u1ec1u kho\u1ea3n v\u00e0 \u0111i\u1ec1u ki\u1ec7n s\u1eed d\u1ee5ng - Xexon<\/title>\n<meta name=\"robots\" content=\"noindex, nofollow\" \/>\n<meta property=\"og:locale\" content=\"vi_VN\" \/>\n<meta property=\"og:type\" content=\"article\" \/>\n<meta property=\"og:title\" content=\"\u0110i\u1ec1u kho\u1ea3n v\u00e0 \u0111i\u1ec1u ki\u1ec7n s\u1eed d\u1ee5ng\" \/>\n<meta property=\"og:url\" content=\"https:\/\/xexon.io\/vi\/terms-and-conditions\/\" \/>\n<meta property=\"og:site_name\" content=\"Xexon\" \/>\n<meta property=\"article:modified_time\" content=\"2022-05-23T09:28:40+00:00\" \/>\n<meta name=\"twitter:card\" content=\"summary_large_image\" \/>\n<meta name=\"twitter:label1\" content=\"Est. reading time\" \/>\n\t<meta name=\"twitter:data1\" content=\"7 minutes\" \/>\n<script type=\"application\/ld+json\" class=\"yoast-schema-graph\">{\"@context\":\"https:\/\/schema.org\",\"@graph\":[{\"@type\":\"WebPage\",\"@id\":\"https:\/\/xexon.io\/vi\/terms-and-conditions\/\",\"url\":\"https:\/\/xexon.io\/vi\/terms-and-conditions\/\",\"name\":\"\u0110i\u1ec1u kho\u1ea3n v\u00e0 \u0111i\u1ec1u ki\u1ec7n s\u1eed d\u1ee5ng - Xexon\",\"isPartOf\":{\"@id\":\"https:\/\/xexon.io\/ko\/#website\"},\"datePublished\":\"2022-02-08T07:54:08+00:00\",\"dateModified\":\"2022-05-23T09:28:40+00:00\",\"breadcrumb\":{\"@id\":\"https:\/\/xexon.io\/vi\/terms-and-conditions\/#breadcrumb\"},\"inLanguage\":\"vi-VN\",\"potentialAction\":[{\"@type\":\"ReadAction\",\"target\":[\"https:\/\/xexon.io\/vi\/terms-and-conditions\/\"]}]},{\"@type\":\"BreadcrumbList\",\"@id\":\"https:\/\/xexon.io\/vi\/terms-and-conditions\/#breadcrumb\",\"itemListElement\":[{\"@type\":\"ListItem\",\"position\":1,\"name\":\"Home\",\"item\":\"https:\/\/xexon.io\/vi\/\"},{\"@type\":\"ListItem\",\"position\":2,\"name\":\"\u0110i\u1ec1u kho\u1ea3n v\u00e0 \u0111i\u1ec1u ki\u1ec7n s\u1eed d\u1ee5ng\"}]},{\"@type\":\"WebSite\",\"@id\":\"https:\/\/xexon.io\/ko\/#website\",\"url\":\"https:\/\/xexon.io\/ko\/\",\"name\":\"Xexon\",\"description\":\"Bitcoin Debit Card for everyone\",\"publisher\":{\"@id\":\"https:\/\/xexon.io\/ko\/#organization\"},\"potentialAction\":[{\"@type\":\"SearchAction\",\"target\":{\"@type\":\"EntryPoint\",\"urlTemplate\":\"https:\/\/xexon.io\/ko\/?s={search_term_string}\"},\"query-input\":{\"@type\":\"PropertyValueSpecification\",\"valueRequired\":true,\"valueName\":\"search_term_string\"}}],\"inLanguage\":\"vi-VN\"},{\"@type\":\"Organization\",\"@id\":\"https:\/\/xexon.io\/ko\/#organization\",\"name\":\"Xexon\",\"url\":\"https:\/\/xexon.io\/ko\/\",\"logo\":{\"@type\":\"ImageObject\",\"inLanguage\":\"vi-VN\",\"@id\":\"https:\/\/xexon.io\/ko\/#\/schema\/logo\/image\/\",\"url\":\"https:\/\/xexon.io\/wp-content\/uploads\/2022\/01\/icon_0117_02.png\",\"contentUrl\":\"https:\/\/xexon.io\/wp-content\/uploads\/2022\/01\/icon_0117_02.png\",\"width\":150,\"height\":150,\"caption\":\"Xexon\"},\"image\":{\"@id\":\"https:\/\/xexon.io\/ko\/#\/schema\/logo\/image\/\"}}]}<\/script>\n<!-- \/ Yoast SEO Premium plugin. -->","yoast_head_json":{"title":"\u0110i\u1ec1u kho\u1ea3n v\u00e0 \u0111i\u1ec1u ki\u1ec7n s\u1eed d\u1ee5ng - Xexon","robots":{"index":"noindex","follow":"nofollow"},"og_locale":"vi_VN","og_type":"article","og_title":"\u0110i\u1ec1u kho\u1ea3n v\u00e0 \u0111i\u1ec1u ki\u1ec7n s\u1eed d\u1ee5ng","og_url":"https:\/\/xexon.io\/vi\/terms-and-conditions\/","og_site_name":"Xexon","article_modified_time":"2022-05-23T09:28:40+00:00","twitter_card":"summary_large_image","twitter_misc":{"Est. reading time":"7 minutes"},"schema":{"@context":"https:\/\/schema.org","@graph":[{"@type":"WebPage","@id":"https:\/\/xexon.io\/vi\/terms-and-conditions\/","url":"https:\/\/xexon.io\/vi\/terms-and-conditions\/","name":"\u0110i\u1ec1u kho\u1ea3n v\u00e0 \u0111i\u1ec1u ki\u1ec7n s\u1eed d\u1ee5ng - Xexon","isPartOf":{"@id":"https:\/\/xexon.io\/ko\/#website"},"datePublished":"2022-02-08T07:54:08+00:00","dateModified":"2022-05-23T09:28:40+00:00","breadcrumb":{"@id":"https:\/\/xexon.io\/vi\/terms-and-conditions\/#breadcrumb"},"inLanguage":"vi-VN","potentialAction":[{"@type":"ReadAction","target":["https:\/\/xexon.io\/vi\/terms-and-conditions\/"]}]},{"@type":"BreadcrumbList","@id":"https:\/\/xexon.io\/vi\/terms-and-conditions\/#breadcrumb","itemListElement":[{"@type":"ListItem","position":1,"name":"Home","item":"https:\/\/xexon.io\/vi\/"},{"@type":"ListItem","position":2,"name":"\u0110i\u1ec1u kho\u1ea3n v\u00e0 \u0111i\u1ec1u ki\u1ec7n s\u1eed d\u1ee5ng"}]},{"@type":"WebSite","@id":"https:\/\/xexon.io\/ko\/#website","url":"https:\/\/xexon.io\/ko\/","name":"Xexon","description":"Bitcoin Debit Card for everyone","publisher":{"@id":"https:\/\/xexon.io\/ko\/#organization"},"potentialAction":[{"@type":"SearchAction","target":{"@type":"EntryPoint","urlTemplate":"https:\/\/xexon.io\/ko\/?s={search_term_string}"},"query-input":{"@type":"PropertyValueSpecification","valueRequired":true,"valueName":"search_term_string"}}],"inLanguage":"vi-VN"},{"@type":"Organization","@id":"https:\/\/xexon.io\/ko\/#organization","name":"Xexon","url":"https:\/\/xexon.io\/ko\/","logo":{"@type":"ImageObject","inLanguage":"vi-VN","@id":"https:\/\/xexon.io\/ko\/#\/schema\/logo\/image\/","url":"https:\/\/xexon.io\/wp-content\/uploads\/2022\/01\/icon_0117_02.png","contentUrl":"https:\/\/xexon.io\/wp-content\/uploads\/2022\/01\/icon_0117_02.png","width":150,"height":150,"caption":"Xexon"},"image":{"@id":"https:\/\/xexon.io\/ko\/#\/schema\/logo\/image\/"}}]}},"_links":{"self":[{"href":"https:\/\/xexon.io\/vi\/wp-json\/wp\/v2\/pages\/4468","targetHints":{"allow":["GET"]}}],"collection":[{"href":"https:\/\/xexon.io\/vi\/wp-json\/wp\/v2\/pages"}],"about":[{"href":"https:\/\/xexon.io\/vi\/wp-json\/wp\/v2\/types\/page"}],"author":[{"embeddable":true,"href":"https:\/\/xexon.io\/vi\/wp-json\/wp\/v2\/users\/1"}],"replies":[{"embeddable":true,"href":"https:\/\/xexon.io\/vi\/wp-json\/wp\/v2\/comments?post=4468"}],"version-history":[{"count":3,"href":"https:\/\/xexon.io\/vi\/wp-json\/wp\/v2\/pages\/4468\/revisions"}],"predecessor-version":[{"id":4799,"href":"https:\/\/xexon.io\/vi\/wp-json\/wp\/v2\/pages\/4468\/revisions\/4799"}],"wp:attachment":[{"href":"https:\/\/xexon.io\/vi\/wp-json\/wp\/v2\/media?parent=4468"}],"curies":[{"name":"wp","href":"https:\/\/api.w.org\/{rel}","templated":true}]}}