{"id":4403,"date":"2022-02-21T06:46:06","date_gmt":"2022-02-21T06:46:06","guid":{"rendered":"https:\/\/xexon.io\/faq_other\/"},"modified":"2022-04-18T07:40:28","modified_gmt":"2022-04-18T07:40:28","slug":"faq_other","status":"publish","type":"page","link":"https:\/\/xexon.io\/vi\/faq_other\/","title":{"rendered":"Kh\u00e1c"},"content":{"rendered":"<div class=\"fusion-fullwidth fullwidth-box fusion-builder-row-1 fusion-flex-container nonhundred-percent-fullwidth non-hundred-percent-height-scrolling\" style=\"background-color: rgba(255,255,255,0);background-position: center center;background-repeat: no-repeat;border-width: 0px 0px 0px 0px;border-color:hsla(var(--awb-color2-h),var(--awb-color2-s),var(--awb-color2-l),calc( var(--awb-color2-a) - 20% ));border-style:solid;\" ><div class=\"fusion-builder-row fusion-row fusion-flex-align-items-flex-start\" style=\"max-width:1185.6px;margin-left: calc(-4% \/ 2 );margin-right: calc(-4% \/ 2 );\"><div class=\"fusion-layout-column fusion_builder_column fusion-builder-column-0 fusion_builder_column_1_1 1_1 fusion-flex-column\"><div class=\"fusion-column-wrapper fusion-flex-justify-content-flex-start fusion-content-layout-column\" style=\"background-position:left top;background-repeat:no-repeat;-webkit-background-size:cover;-moz-background-size:cover;-o-background-size:cover;background-size:cover;padding: 0px 0px 0px 0px;\"><div class=\"fusion-separator fusion-full-width-sep\" style=\"align-self: center;margin-left: auto;margin-right: auto;margin-top:40px;width:100%;\"><\/div><\/div><style type=\"text\/css\">.fusion-body .fusion-builder-column-0{width:100% !important;margin-top : 0px;margin-bottom : 0px;}.fusion-builder-column-0 > .fusion-column-wrapper {padding-top : 0px !important;padding-right : 0px !important;margin-right : 1.92%;padding-bottom : 0px !important;padding-left : 0px !important;margin-left : 1.92%;}@media only screen and (max-width:1024px) {.fusion-body .fusion-builder-column-0{width:100% !important;order : 0;}.fusion-builder-column-0 > .fusion-column-wrapper {margin-right : 1.92%;margin-left : 1.92%;}}@media only screen and (max-width:640px) {.fusion-body .fusion-builder-column-0{width:100% !important;order : 0;}.fusion-builder-column-0 > .fusion-column-wrapper {margin-right : 1.92%;margin-left : 1.92%;}}<\/style><\/div><div class=\"fusion-layout-column fusion_builder_column fusion-builder-column-1 fusion_builder_column_1_1 1_1 fusion-flex-column\"><div class=\"fusion-column-wrapper fusion-flex-justify-content-flex-start fusion-content-layout-column\" style=\"background-position:left top;background-repeat:no-repeat;-webkit-background-size:cover;-moz-background-size:cover;-o-background-size:cover;background-size:cover;padding: 0px 0px 0px 0px;\"><div class=\"fusion-text fusion-text-1\"><p style=\"text-align: left; font-size: 2em;\"><strong>Kh\u00e1c<\/strong><\/p>\n<\/div><\/div><style type=\"text\/css\">.fusion-body .fusion-builder-column-1{width:100% !important;margin-top : 0px;margin-bottom : 0px;}.fusion-builder-column-1 > .fusion-column-wrapper {padding-top : 0px !important;padding-right : 0px !important;margin-right : 1.92%;padding-bottom : 0px !important;padding-left : 0px !important;margin-left : 1.92%;}@media only screen and (max-width:1024px) {.fusion-body .fusion-builder-column-1{width:100% !important;order : 0;}.fusion-builder-column-1 > .fusion-column-wrapper {margin-right : 1.92%;margin-left : 1.92%;}}@media only screen and (max-width:640px) {.fusion-body .fusion-builder-column-1{width:100% !important;order : 0;}.fusion-builder-column-1 > .fusion-column-wrapper {margin-right : 1.92%;margin-left : 1.92%;}}<\/style><\/div><div class=\"fusion-layout-column fusion_builder_column fusion-builder-column-2 fusion_builder_column_1_1 1_1 fusion-flex-column\"><div class=\"fusion-column-wrapper fusion-flex-justify-content-flex-start fusion-content-layout-column\" style=\"background-position:left top;background-repeat:no-repeat;-webkit-background-size:cover;-moz-background-size:cover;-o-background-size:cover;background-size:cover;padding: 0px 0px 0px 0px;\"><div class=\"fusion-separator fusion-full-width-sep\" style=\"align-self: center;margin-left: auto;margin-right: auto;width:100%;\"><div class=\"fusion-separator-border sep-single sep-solid\" style=\"border-color:var(--awb-color6);border-top-width:1px;\"><\/div><\/div><\/div><style type=\"text\/css\">.fusion-body .fusion-builder-column-2{width:100% !important;margin-top : 0px;margin-bottom : 0px;}.fusion-builder-column-2 > .fusion-column-wrapper {padding-top : 0px !important;padding-right : 0px !important;margin-right : 1.92%;padding-bottom : 0px !important;padding-left : 0px !important;margin-left : 1.92%;}@media only screen and (max-width:1024px) {.fusion-body .fusion-builder-column-2{width:100% !important;order : 0;}.fusion-builder-column-2 > .fusion-column-wrapper {margin-right : 1.92%;margin-left : 1.92%;}}@media only screen and (max-width:640px) {.fusion-body .fusion-builder-column-2{width:100% !important;order : 0;}.fusion-builder-column-2 > .fusion-column-wrapper {margin-right : 1.92%;margin-left : 1.92%;}}<\/style><\/div><div class=\"fusion-layout-column fusion_builder_column fusion-builder-column-3 fusion_builder_column_1_1 1_1 fusion-flex-column\"><div class=\"fusion-column-wrapper fusion-flex-justify-content-flex-start fusion-content-layout-column\" style=\"background-position:left top;background-repeat:no-repeat;-webkit-background-size:cover;-moz-background-size:cover;-o-background-size:cover;background-size:cover;padding: 0px 0px 0px 0px;\"><div class=\"fusion-separator fusion-full-width-sep\" style=\"align-self: center;margin-left: auto;margin-right: auto;margin-top:30px;width:100%;\"><\/div><style type=\"text\/css\">.fusion-accordian #accordian-1 .panel-title a .fa-fusion-box:before{ font-size: 16px;}.fusion-accordian #accordian-1 .panel-title a .fa-fusion-box{ color: var(--awb-color1);}.fusion-accordian #accordian-1 .panel-title a{font-size:13px;}.fusion-accordian #accordian-1 .fa-fusion-box { background-color: var(--awb-color7);border-color: var(--awb-color7);}.fusion-accordian #accordian-1 .panel-title a:hover,.fusion-accordian #accordian-1 .panel-title a.hover { color: var(--awb-color4);}.fusion-faq-shortcode .fusion-accordian #accordian-1 .fusion-toggle-boxed-mode:hover .panel-title a { color: var(--awb-color4);}.fusion-accordian #accordian-1 .panel-title .active .fa-fusion-box,.fusion-accordian #accordian-1 .panel-title a:hover .fa-fusion-box,.fusion-accordian #accordian-1 .panel-title a.hover .fa-fusion-box { background-color: var(--awb-color4)!important;border-color: var(--awb-color4)!important;}<\/style><div class=\"fusion-faq-shortcode\"><div class=\"fusion-faqs-wrapper\"><div class=\"accordian fusion-accordian\"><div class=\"panel-group \" id=\"accordian-1\"><div class=\"fusion-panel panel-default fusion-faq-post fusion-faq-post-4408 other-vi \"><span class=\"entry-title rich-snippet-hidden\">L\u00e0m th\u1ec1 n\u00e0o \u0111\u1ec3 b\u1ea3o v\u1ec7 t\u00e0i kho\u1ea3n XEXON lu\u00f4n an to\u00e0n ?<\/span><span class=\"vcard rich-snippet-hidden\"><span class=\"fn\"><a href=\"https:\/\/xexon.io\/vi\/author\/admin\/\" title=\"Posts by admin\" rel=\"author\">admin<\/a><\/span><\/span><span class=\"updated rich-snippet-hidden\">2022-04-18T07:22:24+00:00<\/span><div class=\"panel-heading\"><h4 class=\"panel-title toggle\"><a data-toggle=\"collapse\" class=\"collapsed\" data-parent=\"#accordian-1\" data-target=\"#collapse-1-4408\" href=\"#collapse-1-4408\"><div class=\"fusion-toggle-icon-wrapper\"><div class=\"fusion-toggle-icon-wrapper-main\"><div class=\"fusion-toggle-icon-wrapper-sub\"><i class=\"fa-fusion-box active-icon awb-icon-plus\" aria-hidden=\"true\"><\/i><i class=\"fa-fusion-box inactive-icon awb-icon-minus\" aria-hidden=\"true\"><\/i><\/div><\/div><\/div><div class=\"fusion-toggle-heading\">L\u00e0m th\u1ec1 n\u00e0o \u0111\u1ec3 b\u1ea3o v\u1ec7 t\u00e0i kho\u1ea3n XEXON lu\u00f4n an to\u00e0n ?<\/div><\/a><\/h4><\/div><div id=\"collapse-1-4408\" class=\"panel-collapse collapse\"><div class=\"panel-body toggle-content post-content\"><p>T\u1ea1i Xexon, ch\u00fang t\u00f4i c\u00f3 c\u00e1c ch\u00ednh s\u00e1ch b\u1ea3o m\u1eadt nghi\u00eam ng\u1eb7t \u0111\u1ec3 gi\u1eef an to\u00e0n cho ti\u1ec1n \u0111i\u1ec7n t\u1eed v\u00e0 th\u00f4ng tin c\u1ee7a kh\u00e1ch h\u00e0ng. \u0110\u00e2y l\u00e0 m\u1ed9t ph\u1ea7n trong c\u00e1c ho\u1ea1t \u0111\u1ed9ng b\u1ea3o m\u1eadt c\u1ee7a ch\u00fang t\u00f4i, ch\u00fang t\u00f4i c\u0169ng y\u00eau c\u1ea7u kh\u00e1ch h\u00e0ng th\u1ef1c hi\u1ec7n th\u00eam bi\u1ec7n ph\u00e1p ph\u00f2ng ng\u1eeba \u0111\u1ec3 \u0111\u1ea3m b\u1ea3o r\u1eb1ng kh\u00f4ng ai kh\u00e1c c\u00f3 quy\u1ec1n truy c\u1eadp v\u00e0o t\u00e0i kho\u1ea3n c\u1ee7a h\u1ecd.<\/p>\n<p>M\u1ed9t v\u00e0i l\u1eddi khuy\u00ean gi\u00fap b\u1ea1n t\u1ef1 b\u1ea3o v\u1ec7 t\u00e0i kho\u1ea3n v\u00e0 th\u00f4ng tin c\u1ee7a m\u00ecnh<br \/>\n\u0110\u1ec3 k\u1ebft th\u00fac b\u00e0i vi\u1ebft n\u00e0y, ch\u00fang t\u00f4i \u0111\u00e3 chu\u1ea9n b\u1ecb m\u1ed9t s\u1ed1 l\u1eddi khuy\u00ean \u0111\u1ec3 gi\u00fap b\u1ea1n gi\u1eef an to\u00e0n cho ti\u1ec1n \u0111i\u1ec7n t\u1eed c\u1ee7a m\u00ecnh:<\/p>\n<p>T\u1ea1o m\u1eadt kh\u1ea9u m\u1ea1nh: S\u1eed d\u1ee5ng m\u1eadt kh\u1ea9u c\u00f3 \u00edt nh\u1ea5t 16 k\u00fd t\u1ef1. Kh\u00f4ng chia s\u1ebb ho\u1eb7c s\u1eed d\u1ee5ng chung m\u1eadt kh\u1ea9u cho c\u00e1c t\u00e0i kho\u1ea3n kh\u00e1c. S\u1eed d\u1ee5ng m\u1ed9t \u1ee9ng d\u1ee5ng qu\u1ea3n l\u00fd m\u1eadt kh\u1ea9u c\u00f3 th\u1ec3 gi\u00fap b\u1ea1n t\u1ea1o v\u00e0 l\u01b0u tr\u1eef m\u1eadt kh\u1ea9u m\u1ea1nh. Ch\u00fang t\u00f4i khuy\u00ean b\u1ea1n n\u00ean d\u00f9ng LastPass, ngo\u00e0i ra c\u0169ng c\u00f3 nhi\u1ec1u \u1ee9ng d\u1ee5ng qu\u1ea3n l\u00fd m\u1eadt kh\u1ea9u kh\u00e1c.<\/p>\n<p>B\u1eadt x\u00e1c th\u1ef1c hai y\u1ebfu t\u1ed1 (2FA): \u0110\u00e2y l\u00e0 m\u1ed9t l\u1edbp b\u1ea3o m\u1eadt b\u1ed5 sung \u0111\u00f2i h\u1ecfi m\u1ed9t m\u00e3 PIN duy nh\u1ea5t m\u1ed7i khi b\u1ea1n \u0111\u0103ng nh\u1eadp v\u00e0o t\u00e0i kho\u1ea3n. M\u00e3 PIN n\u00e0y \u0111\u01b0\u1ee3c t\u1ea1o b\u1edfi thi\u1ebft b\u1ecb c\u1ee7a b\u1ea1n v\u00e0 \u0111\u01b0\u1ee3c h\u1ecfi th\u00eam b\u00ean c\u1ea1nh Username v\u00e0 m\u1eadt kh\u1ea9u c\u1ee7a b\u1ea1n.<\/p>\n<p>B\u1ea3o v\u1ec7 email c\u1ee7a b\u1ea1n: lu\u00f4n gi\u1eef t\u00e0i kho\u1ea3n email c\u1ee7a b\u1ea1n an to\u00e0n \u0111\u1ec3 kh\u00f4ng ai c\u00f3 th\u1ec3 truy c\u1eadp t\u00e0i kho\u1ea3n XEXON c\u1ee7a b\u1ea1n th\u00f4ng qua email c\u1ee7a b\u1ea1n. H\u1ea7u h\u1ebft c\u00e1c nh\u00e0 cung c\u1ea5p email \u0111\u1ec1u c\u00f3 h\u1ed7 tr\u1ee3 x\u00e1c th\u1ef1c 2 l\u1edbp (2FA).<\/p>\n<p>Kh\u00f4ng chia s\u1ebb th\u00f4ng tin c\u00e1 nh\u00e2n: Nh\u00e2n vi\u00ean XECON s\u1ebd kh\u00f4ng bao gi\u1edd y\u00eau c\u1ea7u b\u1ea1n cung c\u1ea5p m\u1eadt kh\u1ea9u ho\u1eb7c m\u00e3 2FA c\u1ee7a b\u1ea1n, h\u1ecd c\u0169ng s\u1ebd kh\u00f4ng y\u00eau c\u1ea7u b\u1ea1n \u1ee7y quy\u1ec1n giao d\u1ecbch.<\/p>\n<p>Ki\u1ec3m tra \u0111\u01b0\u1eddng link: Tr\u01b0\u1edbc khi \u0111\u0103ng nh\u1eadp v\u00e0o XEXON ho\u1eb7c nh\u1ea5p v\u00e0o m\u1ed9t qu\u1ea3ng c\u00e1o n\u00e0o \u0111\u00f3, h\u00e3y \u0111\u1ea3m b\u1ea3o b\u1ea1n \u0111ang \u1edf tr\u00ean XEXON.IO. Nh\u1eefng k\u1ebb l\u1eeba \u0111\u1ea3o th\u01b0\u1eddng s\u1ebd s\u1eed d\u1ee5ng c\u00e1c \u0111\u01b0\u1eddng link t\u01b0\u01a1ng t\u1ef1, v\u00ec v\u1eady h\u00e3y lu\u00f4n ki\u1ec3m tra c\u1ea9n th\u1eadn<\/p>\n<p>Ki\u1ec3m tra t\u00ean mi\u1ec1n email: B\u1ea5t k\u1ef3 th\u00f4ng tin li\u00ean l\u1ea1c n\u00e0o t\u1eeb XEXON s\u1ebd \u0111\u1ebfn t\u1eeb m\u1ed9t \u0111\u1ecba ch\u1ec9 @xexon.io. N\u1ebfu b\u1ea1n c\u00f3 b\u1ea5t k\u1ef3 nghi ng\u1edd n\u00e0o v\u1ec1 t\u00ednh h\u1ee3p ph\u00e1p c\u1ee7a email t\u1eeb XEXON, h\u00e3y li\u1ec7n h\u1ec7 ngay v\u1edbi b\u1ed9 ph\u1eadn h\u1ed7 tr\u1ee3 c\u1ee7a ch\u00fang t\u00f4i.<\/p>\n<p>Kh\u00f3a t\u00e0i kho\u1ea3n c\u1ee7a b\u1ea1n: N\u1ebfu b\u1ea1n nghi ng\u1edd t\u00e0i kho\u1ea3n c\u1ee7a m\u00ecnh \u0111\u00e3 b\u1ecb x\u00e2m ph\u1ea1m, h\u00e3y li\u00ean h\u1ec7 v\u1edbi nh\u00f3m h\u1ed7 tr\u1ee3 c\u1ee7a ch\u00fang t\u00f4i ngay l\u1eadp t\u1ee9c.<\/p>\n<p>XEXON s\u1ebd kh\u00f4ng ch\u1ecbu tr\u00e1ch nhi\u1ec7m v\u1ec1 vi\u1ec7c m\u1ea5t ti\u1ec1n n\u1ebfu b\u1ea1n tr\u1edf th\u00e0nh con m\u1ed3i c\u1ee7a m\u1ed9t tr\u00f2 l\u1eeba \u0111\u1ea3o nh\u01b0 \u0111\u00e3 n\u00eau trong \u0110i\u1ec1u kho\u1ea3n &amp; \u0110i\u1ec1u ki\u1ec7n v\u00ed c\u1ee7a ch\u00fang t\u00f4i. Tuy nhi\u00ean ch\u00fang t\u00f4i s\u1ebd l\u00e0m m\u1ecdi th\u1ee9 trong kh\u1ea3 n\u0103ng c\u1ee7a m\u00ecnh \u0111\u1ec3 gi\u00fap ng\u0103n ch\u1eb7n nh\u1eefng t\u00ecnh hu\u1ed1ng nh\u01b0 v\u1eady v\u00e0 h\u1ed7 tr\u1ee3 b\u1ea1n b\u1ea3o m\u1eadt t\u00e0i kho\u1ea3n c\u1ee7a m\u00ecnh.<\/p>\n<\/div><\/div><\/div><\/div><\/div><\/div><\/div><div class=\"fusion-separator fusion-full-width-sep\" style=\"align-self: center;margin-left: auto;margin-right: auto;margin-top:120px;width:100%;\"><\/div><\/div><style type=\"text\/css\">.fusion-body .fusion-builder-column-3{width:100% !important;margin-top : 0px;margin-bottom : 0px;}.fusion-builder-column-3 > .fusion-column-wrapper {padding-top : 0px !important;padding-right : 0px !important;margin-right : 1.92%;padding-bottom : 0px !important;padding-left : 0px !important;margin-left : 1.92%;}@media only screen and (max-width:1024px) {.fusion-body .fusion-builder-column-3{width:100% !important;order : 0;}.fusion-builder-column-3 > .fusion-column-wrapper {margin-right : 1.92%;margin-left : 1.92%;}}@media only screen and (max-width:640px) {.fusion-body .fusion-builder-column-3{width:100% !important;order : 0;}.fusion-builder-column-3 > .fusion-column-wrapper {margin-right : 1.92%;margin-left : 1.92%;}}<\/style><\/div><\/div><style type=\"text\/css\">.fusion-body .fusion-flex-container.fusion-builder-row-1{ padding-top : 0px;margin-top : 0px;padding-right : 0px;padding-bottom : 0px;margin-bottom : 0px;padding-left : 0px;}<\/style><\/div>\n","protected":false},"excerpt":{"rendered":"","protected":false},"author":1,"featured_media":0,"parent":0,"menu_order":0,"comment_status":"closed","ping_status":"closed","template":"","meta":{"footnotes":""},"class_list":["post-4403","page","type-page","status-publish","hentry"],"yoast_head":"<!-- This site is optimized with the Yoast SEO Premium plugin v20.1 (Yoast SEO v24.9) - https:\/\/yoast.com\/wordpress\/plugins\/seo\/ -->\n<title>Kh\u00e1c - Xexon<\/title>\n<meta name=\"robots\" content=\"index, follow, max-snippet:-1, max-image-preview:large, max-video-preview:-1\" \/>\n<link rel=\"canonical\" href=\"https:\/\/xexon.io\/vi\/faq_other\/\" \/>\n<meta property=\"og:locale\" content=\"vi_VN\" \/>\n<meta property=\"og:type\" content=\"article\" \/>\n<meta property=\"og:title\" content=\"Kh\u00e1c\" \/>\n<meta property=\"og:url\" content=\"https:\/\/xexon.io\/vi\/faq_other\/\" \/>\n<meta property=\"og:site_name\" content=\"Xexon\" \/>\n<meta property=\"article:modified_time\" content=\"2022-04-18T07:40:28+00:00\" \/>\n<meta name=\"twitter:card\" content=\"summary_large_image\" \/>\n<meta name=\"twitter:label1\" content=\"Est. reading time\" \/>\n\t<meta name=\"twitter:data1\" content=\"8 minutes\" \/>\n<script type=\"application\/ld+json\" class=\"yoast-schema-graph\">{\"@context\":\"https:\/\/schema.org\",\"@graph\":[{\"@type\":\"WebPage\",\"@id\":\"https:\/\/xexon.io\/vi\/faq_other\/\",\"url\":\"https:\/\/xexon.io\/vi\/faq_other\/\",\"name\":\"Kh\u00e1c - Xexon\",\"isPartOf\":{\"@id\":\"https:\/\/xexon.io\/ko\/#website\"},\"datePublished\":\"2022-02-21T06:46:06+00:00\",\"dateModified\":\"2022-04-18T07:40:28+00:00\",\"breadcrumb\":{\"@id\":\"https:\/\/xexon.io\/vi\/faq_other\/#breadcrumb\"},\"inLanguage\":\"vi-VN\",\"potentialAction\":[{\"@type\":\"ReadAction\",\"target\":[\"https:\/\/xexon.io\/vi\/faq_other\/\"]}]},{\"@type\":\"BreadcrumbList\",\"@id\":\"https:\/\/xexon.io\/vi\/faq_other\/#breadcrumb\",\"itemListElement\":[{\"@type\":\"ListItem\",\"position\":1,\"name\":\"Home\",\"item\":\"https:\/\/xexon.io\/vi\/\"},{\"@type\":\"ListItem\",\"position\":2,\"name\":\"Kh\u00e1c\"}]},{\"@type\":\"WebSite\",\"@id\":\"https:\/\/xexon.io\/ko\/#website\",\"url\":\"https:\/\/xexon.io\/ko\/\",\"name\":\"Xexon\",\"description\":\"Bitcoin Debit Card for everyone\",\"publisher\":{\"@id\":\"https:\/\/xexon.io\/ko\/#organization\"},\"potentialAction\":[{\"@type\":\"SearchAction\",\"target\":{\"@type\":\"EntryPoint\",\"urlTemplate\":\"https:\/\/xexon.io\/ko\/?s={search_term_string}\"},\"query-input\":{\"@type\":\"PropertyValueSpecification\",\"valueRequired\":true,\"valueName\":\"search_term_string\"}}],\"inLanguage\":\"vi-VN\"},{\"@type\":\"Organization\",\"@id\":\"https:\/\/xexon.io\/ko\/#organization\",\"name\":\"Xexon\",\"url\":\"https:\/\/xexon.io\/ko\/\",\"logo\":{\"@type\":\"ImageObject\",\"inLanguage\":\"vi-VN\",\"@id\":\"https:\/\/xexon.io\/ko\/#\/schema\/logo\/image\/\",\"url\":\"https:\/\/xexon.io\/wp-content\/uploads\/2022\/01\/icon_0117_02.png\",\"contentUrl\":\"https:\/\/xexon.io\/wp-content\/uploads\/2022\/01\/icon_0117_02.png\",\"width\":150,\"height\":150,\"caption\":\"Xexon\"},\"image\":{\"@id\":\"https:\/\/xexon.io\/ko\/#\/schema\/logo\/image\/\"}}]}<\/script>\n<!-- \/ Yoast SEO Premium plugin. -->","yoast_head_json":{"title":"Kh\u00e1c - Xexon","robots":{"index":"index","follow":"follow","max-snippet":"max-snippet:-1","max-image-preview":"max-image-preview:large","max-video-preview":"max-video-preview:-1"},"canonical":"https:\/\/xexon.io\/vi\/faq_other\/","og_locale":"vi_VN","og_type":"article","og_title":"Kh\u00e1c","og_url":"https:\/\/xexon.io\/vi\/faq_other\/","og_site_name":"Xexon","article_modified_time":"2022-04-18T07:40:28+00:00","twitter_card":"summary_large_image","twitter_misc":{"Est. reading time":"8 minutes"},"schema":{"@context":"https:\/\/schema.org","@graph":[{"@type":"WebPage","@id":"https:\/\/xexon.io\/vi\/faq_other\/","url":"https:\/\/xexon.io\/vi\/faq_other\/","name":"Kh\u00e1c - Xexon","isPartOf":{"@id":"https:\/\/xexon.io\/ko\/#website"},"datePublished":"2022-02-21T06:46:06+00:00","dateModified":"2022-04-18T07:40:28+00:00","breadcrumb":{"@id":"https:\/\/xexon.io\/vi\/faq_other\/#breadcrumb"},"inLanguage":"vi-VN","potentialAction":[{"@type":"ReadAction","target":["https:\/\/xexon.io\/vi\/faq_other\/"]}]},{"@type":"BreadcrumbList","@id":"https:\/\/xexon.io\/vi\/faq_other\/#breadcrumb","itemListElement":[{"@type":"ListItem","position":1,"name":"Home","item":"https:\/\/xexon.io\/vi\/"},{"@type":"ListItem","position":2,"name":"Kh\u00e1c"}]},{"@type":"WebSite","@id":"https:\/\/xexon.io\/ko\/#website","url":"https:\/\/xexon.io\/ko\/","name":"Xexon","description":"Bitcoin Debit Card for everyone","publisher":{"@id":"https:\/\/xexon.io\/ko\/#organization"},"potentialAction":[{"@type":"SearchAction","target":{"@type":"EntryPoint","urlTemplate":"https:\/\/xexon.io\/ko\/?s={search_term_string}"},"query-input":{"@type":"PropertyValueSpecification","valueRequired":true,"valueName":"search_term_string"}}],"inLanguage":"vi-VN"},{"@type":"Organization","@id":"https:\/\/xexon.io\/ko\/#organization","name":"Xexon","url":"https:\/\/xexon.io\/ko\/","logo":{"@type":"ImageObject","inLanguage":"vi-VN","@id":"https:\/\/xexon.io\/ko\/#\/schema\/logo\/image\/","url":"https:\/\/xexon.io\/wp-content\/uploads\/2022\/01\/icon_0117_02.png","contentUrl":"https:\/\/xexon.io\/wp-content\/uploads\/2022\/01\/icon_0117_02.png","width":150,"height":150,"caption":"Xexon"},"image":{"@id":"https:\/\/xexon.io\/ko\/#\/schema\/logo\/image\/"}}]}},"_links":{"self":[{"href":"https:\/\/xexon.io\/vi\/wp-json\/wp\/v2\/pages\/4403","targetHints":{"allow":["GET"]}}],"collection":[{"href":"https:\/\/xexon.io\/vi\/wp-json\/wp\/v2\/pages"}],"about":[{"href":"https:\/\/xexon.io\/vi\/wp-json\/wp\/v2\/types\/page"}],"author":[{"embeddable":true,"href":"https:\/\/xexon.io\/vi\/wp-json\/wp\/v2\/users\/1"}],"replies":[{"embeddable":true,"href":"https:\/\/xexon.io\/vi\/wp-json\/wp\/v2\/comments?post=4403"}],"version-history":[{"count":1,"href":"https:\/\/xexon.io\/vi\/wp-json\/wp\/v2\/pages\/4403\/revisions"}],"predecessor-version":[{"id":4461,"href":"https:\/\/xexon.io\/vi\/wp-json\/wp\/v2\/pages\/4403\/revisions\/4461"}],"wp:attachment":[{"href":"https:\/\/xexon.io\/vi\/wp-json\/wp\/v2\/media?parent=4403"}],"curies":[{"name":"wp","href":"https:\/\/api.w.org\/{rel}","templated":true}]}}