{"id":4401,"date":"2022-02-21T06:40:32","date_gmt":"2022-02-21T06:40:32","guid":{"rendered":"https:\/\/xexon.io\/faq_general\/"},"modified":"2022-04-18T07:39:48","modified_gmt":"2022-04-18T07:39:48","slug":"faq_general","status":"publish","type":"page","link":"https:\/\/xexon.io\/vi\/faq_general\/","title":{"rendered":"Chung"},"content":{"rendered":"<div class=\"fusion-fullwidth fullwidth-box fusion-builder-row-1 fusion-flex-container nonhundred-percent-fullwidth non-hundred-percent-height-scrolling\" style=\"background-color: rgba(255,255,255,0);background-position: center center;background-repeat: no-repeat;border-width: 0px 0px 0px 0px;border-color:hsla(var(--awb-color2-h),var(--awb-color2-s),var(--awb-color2-l),calc( var(--awb-color2-a) - 20% ));border-style:solid;\" ><div class=\"fusion-builder-row fusion-row fusion-flex-align-items-flex-start\" style=\"max-width:1185.6px;margin-left: calc(-4% \/ 2 );margin-right: calc(-4% \/ 2 );\"><div class=\"fusion-layout-column fusion_builder_column fusion-builder-column-0 fusion_builder_column_1_1 1_1 fusion-flex-column\"><div class=\"fusion-column-wrapper fusion-flex-justify-content-flex-start fusion-content-layout-column\" style=\"background-position:left top;background-repeat:no-repeat;-webkit-background-size:cover;-moz-background-size:cover;-o-background-size:cover;background-size:cover;padding: 0px 0px 0px 0px;\"><div class=\"fusion-separator fusion-full-width-sep\" style=\"align-self: center;margin-left: auto;margin-right: auto;margin-top:40px;width:100%;\"><\/div><\/div><style type=\"text\/css\">.fusion-body .fusion-builder-column-0{width:100% !important;margin-top : 0px;margin-bottom : 0px;}.fusion-builder-column-0 > .fusion-column-wrapper {padding-top : 0px !important;padding-right : 0px !important;margin-right : 1.92%;padding-bottom : 0px !important;padding-left : 0px !important;margin-left : 1.92%;}@media only screen and (max-width:1024px) {.fusion-body .fusion-builder-column-0{width:100% !important;order : 0;}.fusion-builder-column-0 > .fusion-column-wrapper {margin-right : 1.92%;margin-left : 1.92%;}}@media only screen and (max-width:640px) {.fusion-body .fusion-builder-column-0{width:100% !important;order : 0;}.fusion-builder-column-0 > .fusion-column-wrapper {margin-right : 1.92%;margin-left : 1.92%;}}<\/style><\/div><div class=\"fusion-layout-column fusion_builder_column fusion-builder-column-1 fusion_builder_column_1_1 1_1 fusion-flex-column\"><div class=\"fusion-column-wrapper fusion-flex-justify-content-flex-start fusion-content-layout-column\" style=\"background-position:left top;background-repeat:no-repeat;-webkit-background-size:cover;-moz-background-size:cover;-o-background-size:cover;background-size:cover;padding: 0px 0px 0px 0px;\"><div class=\"fusion-text fusion-text-1\"><p style=\"text-align: left; font-size: 2em;\"><strong>Chung<\/strong><\/p>\n<\/div><\/div><style type=\"text\/css\">.fusion-body .fusion-builder-column-1{width:100% !important;margin-top : 0px;margin-bottom : 0px;}.fusion-builder-column-1 > .fusion-column-wrapper {padding-top : 0px !important;padding-right : 0px !important;margin-right : 1.92%;padding-bottom : 0px !important;padding-left : 0px !important;margin-left : 1.92%;}@media only screen and (max-width:1024px) {.fusion-body .fusion-builder-column-1{width:100% !important;order : 0;}.fusion-builder-column-1 > .fusion-column-wrapper {margin-right : 1.92%;margin-left : 1.92%;}}@media only screen and (max-width:640px) {.fusion-body .fusion-builder-column-1{width:100% !important;order : 0;}.fusion-builder-column-1 > .fusion-column-wrapper {margin-right : 1.92%;margin-left : 1.92%;}}<\/style><\/div><div class=\"fusion-layout-column fusion_builder_column fusion-builder-column-2 fusion_builder_column_1_1 1_1 fusion-flex-column\"><div class=\"fusion-column-wrapper fusion-flex-justify-content-flex-start fusion-content-layout-column\" style=\"background-position:left top;background-repeat:no-repeat;-webkit-background-size:cover;-moz-background-size:cover;-o-background-size:cover;background-size:cover;padding: 0px 0px 0px 0px;\"><div class=\"fusion-separator fusion-full-width-sep\" style=\"align-self: center;margin-left: auto;margin-right: auto;width:100%;\"><div class=\"fusion-separator-border sep-single sep-solid\" style=\"border-color:var(--awb-color6);border-top-width:1px;\"><\/div><\/div><\/div><style type=\"text\/css\">.fusion-body .fusion-builder-column-2{width:100% !important;margin-top : 0px;margin-bottom : 0px;}.fusion-builder-column-2 > .fusion-column-wrapper {padding-top : 0px !important;padding-right : 0px !important;margin-right : 1.92%;padding-bottom : 0px !important;padding-left : 0px !important;margin-left : 1.92%;}@media only screen and (max-width:1024px) {.fusion-body .fusion-builder-column-2{width:100% !important;order : 0;}.fusion-builder-column-2 > .fusion-column-wrapper {margin-right : 1.92%;margin-left : 1.92%;}}@media only screen and (max-width:640px) {.fusion-body .fusion-builder-column-2{width:100% !important;order : 0;}.fusion-builder-column-2 > .fusion-column-wrapper {margin-right : 1.92%;margin-left : 1.92%;}}<\/style><\/div><div class=\"fusion-layout-column fusion_builder_column fusion-builder-column-3 fusion_builder_column_1_1 1_1 fusion-flex-column\"><div class=\"fusion-column-wrapper fusion-flex-justify-content-flex-start fusion-content-layout-column\" style=\"background-position:left top;background-repeat:no-repeat;-webkit-background-size:cover;-moz-background-size:cover;-o-background-size:cover;background-size:cover;padding: 0px 0px 0px 0px;\"><div class=\"fusion-separator fusion-full-width-sep\" style=\"align-self: center;margin-left: auto;margin-right: auto;margin-top:30px;width:100%;\"><\/div><style type=\"text\/css\">.fusion-accordian #accordian-1 .panel-title a .fa-fusion-box:before{ font-size: 16px;}.fusion-accordian #accordian-1 .panel-title a .fa-fusion-box{ color: var(--awb-color1);}.fusion-accordian #accordian-1 .panel-title a{font-size:13px;}.fusion-accordian #accordian-1 .fa-fusion-box { background-color: var(--awb-color7);border-color: var(--awb-color7);}.fusion-accordian #accordian-1 .panel-title a:hover,.fusion-accordian #accordian-1 .panel-title a.hover { color: var(--awb-color4);}.fusion-faq-shortcode .fusion-accordian #accordian-1 .fusion-toggle-boxed-mode:hover .panel-title a { color: var(--awb-color4);}.fusion-accordian #accordian-1 .panel-title .active .fa-fusion-box,.fusion-accordian #accordian-1 .panel-title a:hover .fa-fusion-box,.fusion-accordian #accordian-1 .panel-title a.hover .fa-fusion-box { background-color: var(--awb-color4)!important;border-color: var(--awb-color4)!important;}<\/style><div class=\"fusion-faq-shortcode\"><div class=\"fusion-faqs-wrapper\"><div class=\"accordian fusion-accordian\"><div class=\"panel-group \" id=\"accordian-1\"><div class=\"fusion-panel panel-default fusion-faq-post fusion-faq-post-4411 \"><span class=\"entry-title rich-snippet-hidden\">XEXON l\u00e0 c\u00f4ng ty g\u00ec ?<\/span><span class=\"vcard rich-snippet-hidden\"><span class=\"fn\"><a href=\"https:\/\/xexon.io\/vi\/author\/admin\/\" title=\"Posts by admin\" rel=\"author\">admin<\/a><\/span><\/span><span class=\"updated rich-snippet-hidden\">2022-04-18T07:23:20+00:00<\/span><div class=\"panel-heading\"><h4 class=\"panel-title toggle\"><a data-toggle=\"collapse\" class=\"collapsed\" data-parent=\"#accordian-1\" data-target=\"#collapse-1-4411\" href=\"#collapse-1-4411\"><div class=\"fusion-toggle-icon-wrapper\"><div class=\"fusion-toggle-icon-wrapper-main\"><div class=\"fusion-toggle-icon-wrapper-sub\"><i class=\"fa-fusion-box active-icon awb-icon-plus\" aria-hidden=\"true\"><\/i><i class=\"fa-fusion-box inactive-icon awb-icon-minus\" aria-hidden=\"true\"><\/i><\/div><\/div><\/div><div class=\"fusion-toggle-heading\">XEXON l\u00e0 c\u00f4ng ty g\u00ec ?<\/div><\/a><\/h4><\/div><div id=\"collapse-1-4411\" class=\"panel-collapse collapse\"><div class=\"panel-body toggle-content post-content\"><p>XEXON \u0111ang c\u1ed1 g\u1eafng t\u1ea1o ra m\u1ed9t h\u1ec7 sinh th\u00e1i t\u00edch h\u1ee3p, n\u01a1i ti\u1ec1n \u0111i\u1ec7n t\u1eed c\u00f3 th\u1ec3 \u0111\u01b0\u1ee3c s\u1eed d\u1ee5ng thu\u1eadn ti\u1ec7n. Trong d\u1ecbch v\u1ee5 c\u1ee7a ch\u00fang t\u00f4i, ti\u1ec1n \u1ea3o c\u00f3 th\u1ec3 \u0111\u01b0\u1ee3c s\u1eed d\u1ee5ng nh\u01b0 ti\u1ec1n m\u1eb7t v\u00e0 c\u0169ng c\u00f3 th\u1ec3 th\u1ef1c hi\u1ec7n kho\u1ea3n vay v\u1edbi BTC l\u00e0m t\u00e0i s\u1ea3n th\u1ebf ch\u1ea5p.<\/p>\n<\/div><\/div><\/div><div class=\"fusion-panel panel-default fusion-faq-post fusion-faq-post-4412 general-vi general-vi \"><span class=\"entry-title rich-snippet-hidden\">An ninh v\u00e0 b\u1ea3o hi\u1ec3m<\/span><span class=\"vcard rich-snippet-hidden\"><span class=\"fn\"><a href=\"https:\/\/xexon.io\/vi\/author\/admin\/\" title=\"Posts by admin\" rel=\"author\">admin<\/a><\/span><\/span><span class=\"updated rich-snippet-hidden\">2022-04-18T07:23:37+00:00<\/span><div class=\"panel-heading\"><h4 class=\"panel-title toggle\"><a data-toggle=\"collapse\" class=\"collapsed\" data-parent=\"#accordian-1\" data-target=\"#collapse-1-4412\" href=\"#collapse-1-4412\"><div class=\"fusion-toggle-icon-wrapper\"><div class=\"fusion-toggle-icon-wrapper-main\"><div class=\"fusion-toggle-icon-wrapper-sub\"><i class=\"fa-fusion-box active-icon awb-icon-plus\" aria-hidden=\"true\"><\/i><i class=\"fa-fusion-box inactive-icon awb-icon-minus\" aria-hidden=\"true\"><\/i><\/div><\/div><\/div><div class=\"fusion-toggle-heading\">An ninh v\u00e0 b\u1ea3o hi\u1ec3m<\/div><\/a><\/h4><\/div><div id=\"collapse-1-4412\" class=\"panel-collapse collapse\"><div class=\"panel-body toggle-content post-content\"><p>Xexon h\u1ee3p t\u00e1c v\u1edbi c\u00e1c \u0111\u1ed1i t\u00e1c h\u00e0ng \u0111\u1ea7u v\u1ec1 b\u1ea3o m\u1eadt trong kh\u00f4ng giam blockchain, bao g\u1ed3m BitGo, Shiftmarket v\u00e0 Fireblocks.<\/p>\n<\/div><\/div><\/div><\/div><\/div><\/div><\/div><div class=\"fusion-separator fusion-full-width-sep\" style=\"align-self: center;margin-left: auto;margin-right: auto;margin-top:120px;width:100%;\"><\/div><\/div><style type=\"text\/css\">.fusion-body .fusion-builder-column-3{width:100% !important;margin-top : 0px;margin-bottom : 0px;}.fusion-builder-column-3 > .fusion-column-wrapper {padding-top : 0px !important;padding-right : 0px !important;margin-right : 1.92%;padding-bottom : 0px !important;padding-left : 0px !important;margin-left : 1.92%;}@media only screen and (max-width:1024px) {.fusion-body .fusion-builder-column-3{width:100% !important;order : 0;}.fusion-builder-column-3 > .fusion-column-wrapper {margin-right : 1.92%;margin-left : 1.92%;}}@media only screen and (max-width:640px) {.fusion-body .fusion-builder-column-3{width:100% !important;order : 0;}.fusion-builder-column-3 > .fusion-column-wrapper {margin-right : 1.92%;margin-left : 1.92%;}}<\/style><\/div><\/div><style type=\"text\/css\">.fusion-body .fusion-flex-container.fusion-builder-row-1{ padding-top : 0px;margin-top : 0px;padding-right : 0px;padding-bottom : 0px;margin-bottom : 0px;padding-left : 0px;}<\/style><\/div>\n","protected":false},"excerpt":{"rendered":"","protected":false},"author":1,"featured_media":0,"parent":0,"menu_order":0,"comment_status":"closed","ping_status":"closed","template":"","meta":{"footnotes":""},"class_list":["post-4401","page","type-page","status-publish","hentry"],"yoast_head":"<!-- This site is optimized with the Yoast SEO Premium plugin v20.1 (Yoast SEO v24.9) - https:\/\/yoast.com\/wordpress\/plugins\/seo\/ -->\n<title>Chung - Xexon<\/title>\n<meta name=\"robots\" content=\"index, follow, max-snippet:-1, max-image-preview:large, max-video-preview:-1\" \/>\n<link rel=\"canonical\" href=\"https:\/\/xexon.io\/vi\/faq_general\/\" \/>\n<meta property=\"og:locale\" content=\"vi_VN\" \/>\n<meta property=\"og:type\" content=\"article\" \/>\n<meta property=\"og:title\" content=\"Chung\" \/>\n<meta property=\"og:url\" content=\"https:\/\/xexon.io\/vi\/faq_general\/\" \/>\n<meta property=\"og:site_name\" content=\"Xexon\" \/>\n<meta property=\"article:modified_time\" content=\"2022-04-18T07:39:48+00:00\" \/>\n<meta name=\"twitter:card\" content=\"summary_large_image\" \/>\n<meta name=\"twitter:label1\" content=\"Est. reading time\" \/>\n\t<meta name=\"twitter:data1\" content=\"3 minutes\" \/>\n<script type=\"application\/ld+json\" class=\"yoast-schema-graph\">{\"@context\":\"https:\/\/schema.org\",\"@graph\":[{\"@type\":\"WebPage\",\"@id\":\"https:\/\/xexon.io\/vi\/faq_general\/\",\"url\":\"https:\/\/xexon.io\/vi\/faq_general\/\",\"name\":\"Chung - Xexon\",\"isPartOf\":{\"@id\":\"https:\/\/xexon.io\/ko\/#website\"},\"datePublished\":\"2022-02-21T06:40:32+00:00\",\"dateModified\":\"2022-04-18T07:39:48+00:00\",\"breadcrumb\":{\"@id\":\"https:\/\/xexon.io\/vi\/faq_general\/#breadcrumb\"},\"inLanguage\":\"vi-VN\",\"potentialAction\":[{\"@type\":\"ReadAction\",\"target\":[\"https:\/\/xexon.io\/vi\/faq_general\/\"]}]},{\"@type\":\"BreadcrumbList\",\"@id\":\"https:\/\/xexon.io\/vi\/faq_general\/#breadcrumb\",\"itemListElement\":[{\"@type\":\"ListItem\",\"position\":1,\"name\":\"Home\",\"item\":\"https:\/\/xexon.io\/vi\/\"},{\"@type\":\"ListItem\",\"position\":2,\"name\":\"Chung\"}]},{\"@type\":\"WebSite\",\"@id\":\"https:\/\/xexon.io\/ko\/#website\",\"url\":\"https:\/\/xexon.io\/ko\/\",\"name\":\"Xexon\",\"description\":\"Bitcoin Debit Card for everyone\",\"publisher\":{\"@id\":\"https:\/\/xexon.io\/ko\/#organization\"},\"potentialAction\":[{\"@type\":\"SearchAction\",\"target\":{\"@type\":\"EntryPoint\",\"urlTemplate\":\"https:\/\/xexon.io\/ko\/?s={search_term_string}\"},\"query-input\":{\"@type\":\"PropertyValueSpecification\",\"valueRequired\":true,\"valueName\":\"search_term_string\"}}],\"inLanguage\":\"vi-VN\"},{\"@type\":\"Organization\",\"@id\":\"https:\/\/xexon.io\/ko\/#organization\",\"name\":\"Xexon\",\"url\":\"https:\/\/xexon.io\/ko\/\",\"logo\":{\"@type\":\"ImageObject\",\"inLanguage\":\"vi-VN\",\"@id\":\"https:\/\/xexon.io\/ko\/#\/schema\/logo\/image\/\",\"url\":\"https:\/\/xexon.io\/wp-content\/uploads\/2022\/01\/icon_0117_02.png\",\"contentUrl\":\"https:\/\/xexon.io\/wp-content\/uploads\/2022\/01\/icon_0117_02.png\",\"width\":150,\"height\":150,\"caption\":\"Xexon\"},\"image\":{\"@id\":\"https:\/\/xexon.io\/ko\/#\/schema\/logo\/image\/\"}}]}<\/script>\n<!-- \/ Yoast SEO Premium plugin. -->","yoast_head_json":{"title":"Chung - Xexon","robots":{"index":"index","follow":"follow","max-snippet":"max-snippet:-1","max-image-preview":"max-image-preview:large","max-video-preview":"max-video-preview:-1"},"canonical":"https:\/\/xexon.io\/vi\/faq_general\/","og_locale":"vi_VN","og_type":"article","og_title":"Chung","og_url":"https:\/\/xexon.io\/vi\/faq_general\/","og_site_name":"Xexon","article_modified_time":"2022-04-18T07:39:48+00:00","twitter_card":"summary_large_image","twitter_misc":{"Est. reading time":"3 minutes"},"schema":{"@context":"https:\/\/schema.org","@graph":[{"@type":"WebPage","@id":"https:\/\/xexon.io\/vi\/faq_general\/","url":"https:\/\/xexon.io\/vi\/faq_general\/","name":"Chung - Xexon","isPartOf":{"@id":"https:\/\/xexon.io\/ko\/#website"},"datePublished":"2022-02-21T06:40:32+00:00","dateModified":"2022-04-18T07:39:48+00:00","breadcrumb":{"@id":"https:\/\/xexon.io\/vi\/faq_general\/#breadcrumb"},"inLanguage":"vi-VN","potentialAction":[{"@type":"ReadAction","target":["https:\/\/xexon.io\/vi\/faq_general\/"]}]},{"@type":"BreadcrumbList","@id":"https:\/\/xexon.io\/vi\/faq_general\/#breadcrumb","itemListElement":[{"@type":"ListItem","position":1,"name":"Home","item":"https:\/\/xexon.io\/vi\/"},{"@type":"ListItem","position":2,"name":"Chung"}]},{"@type":"WebSite","@id":"https:\/\/xexon.io\/ko\/#website","url":"https:\/\/xexon.io\/ko\/","name":"Xexon","description":"Bitcoin Debit Card for everyone","publisher":{"@id":"https:\/\/xexon.io\/ko\/#organization"},"potentialAction":[{"@type":"SearchAction","target":{"@type":"EntryPoint","urlTemplate":"https:\/\/xexon.io\/ko\/?s={search_term_string}"},"query-input":{"@type":"PropertyValueSpecification","valueRequired":true,"valueName":"search_term_string"}}],"inLanguage":"vi-VN"},{"@type":"Organization","@id":"https:\/\/xexon.io\/ko\/#organization","name":"Xexon","url":"https:\/\/xexon.io\/ko\/","logo":{"@type":"ImageObject","inLanguage":"vi-VN","@id":"https:\/\/xexon.io\/ko\/#\/schema\/logo\/image\/","url":"https:\/\/xexon.io\/wp-content\/uploads\/2022\/01\/icon_0117_02.png","contentUrl":"https:\/\/xexon.io\/wp-content\/uploads\/2022\/01\/icon_0117_02.png","width":150,"height":150,"caption":"Xexon"},"image":{"@id":"https:\/\/xexon.io\/ko\/#\/schema\/logo\/image\/"}}]}},"_links":{"self":[{"href":"https:\/\/xexon.io\/vi\/wp-json\/wp\/v2\/pages\/4401","targetHints":{"allow":["GET"]}}],"collection":[{"href":"https:\/\/xexon.io\/vi\/wp-json\/wp\/v2\/pages"}],"about":[{"href":"https:\/\/xexon.io\/vi\/wp-json\/wp\/v2\/types\/page"}],"author":[{"embeddable":true,"href":"https:\/\/xexon.io\/vi\/wp-json\/wp\/v2\/users\/1"}],"replies":[{"embeddable":true,"href":"https:\/\/xexon.io\/vi\/wp-json\/wp\/v2\/comments?post=4401"}],"version-history":[{"count":2,"href":"https:\/\/xexon.io\/vi\/wp-json\/wp\/v2\/pages\/4401\/revisions"}],"predecessor-version":[{"id":4458,"href":"https:\/\/xexon.io\/vi\/wp-json\/wp\/v2\/pages\/4401\/revisions\/4458"}],"wp:attachment":[{"href":"https:\/\/xexon.io\/vi\/wp-json\/wp\/v2\/media?parent=4401"}],"curies":[{"name":"wp","href":"https:\/\/api.w.org\/{rel}","templated":true}]}}