{"id":4380,"date":"2022-02-01T02:03:33","date_gmt":"2022-02-01T02:03:33","guid":{"rendered":"https:\/\/xexon.io\/partners\/"},"modified":"2022-06-26T16:16:00","modified_gmt":"2022-06-26T16:16:00","slug":"partners","status":"publish","type":"page","link":"https:\/\/xexon.io\/vi\/partners\/","title":{"rendered":"\u0110\u1ed1i t\u00e1c"},"content":{"rendered":"<div class=\"fusion-fullwidth fullwidth-box fusion-builder-row-1 fusion-flex-container fusion-parallax-none nonhundred-percent-fullwidth non-hundred-percent-height-scrolling\" style=\"background-color: rgba(255,255,255,0);background-image: url(&quot;http:\/\/xexon.io\/wp-content\/uploads\/2019\/10\/splash-landing-background.jpg&quot;);background-image:linear-gradient(0deg, hsla(var(--awb-color8-h),var(--awb-color8-s),var(--awb-color8-l),calc( var(--awb-color8-a) - 48% )) 0%,rgba(255,255,255,0) 16%),url(http:\/\/xexon.io\/wp-content\/uploads\/2019\/10\/splash-landing-background.jpg);background-position: center center;background-repeat: no-repeat;border-width: 0px 0px 0px 0px;border-color:hsla(var(--awb-color2-h),var(--awb-color2-s),var(--awb-color2-l),calc( var(--awb-color2-a) - 20% ));border-style:solid;-webkit-background-size:cover;-moz-background-size:cover;-o-background-size:cover;background-size:cover;\" ><div class=\"fusion-builder-row fusion-row fusion-flex-align-items-flex-start\" style=\"max-width:1185.6px;margin-left: calc(-4% \/ 2 );margin-right: calc(-4% \/ 2 );\"><div class=\"fusion-layout-column fusion_builder_column fusion-builder-column-0 fusion_builder_column_1_2 1_2 fusion-flex-column fusion-flex-align-self-flex-start fusion-animated\" data-animationType=\"fadeInDown\" data-animationDuration=\"0.9\" data-animationOffset=\"top-into-view\"><div class=\"fusion-column-wrapper fusion-flex-justify-content-flex-start fusion-content-layout-column\" style=\"background-position:left top;background-repeat:no-repeat;-webkit-background-size:cover;-moz-background-size:cover;-o-background-size:cover;background-size:cover;padding: 0px 0px 60px 0px;\"><div class=\"fusion-separator fusion-full-width-sep\" style=\"align-self: center;margin-left: auto;margin-right: auto;margin-top:80px;width:100%;\"><\/div><style type=\"text\/css\">@media only screen and (max-width:1024px) {.fusion-title.fusion-title-1{margin-top:0px!important; margin-right:0px!important;margin-bottom:31px!important;margin-left:0px!important;}}@media only screen and (max-width:640px) {.fusion-title.fusion-title-1{margin-top:0px!important; margin-right:0px!important;margin-bottom:20px!important; margin-left:0px!important;}}<\/style><div class=\"fusion-title title fusion-title-1 fusion-sep-none fusion-title-center fusion-title-text fusion-title-size-one\" style=\"margin-top:0px;margin-right:0px;margin-bottom:31px;margin-left:0px;\"><h1 class=\"title-heading-center fusion-responsive-typography-calculated\" style=\"margin:0;--fontSize:80;line-height:var(--awb-typography1-line-height);\"><p style=\"text-align: left;\">\u0110\u1ed1i t\u00e1c<\/p><\/h1><\/div><div class=\"fusion-text fusion-text-1\"><p>Ch\u00fang t\u00f4i hi\u1ec7n c\u00f3 m\u1ed9t s\u1ed1 \u0111\u1ed1i t\u00e1c tuy\u1ec7t v\u1eddi. V\u00e0 ch\u00fang t\u00f4i v\u1eabn \u0111ang t\u00ecm ki\u1ebfm th\u00eam nh\u1eefng \u0111\u1ed1i t\u00e1c m\u1edbi<\/p>\n<\/div><div class=\"fusion-text fusion-text-2\"><p>Mu\u1ed1n bi\u1ebft th\u00eam v\u1ec1 ch\u00fang t\u00f4i?<\/p>\n<\/div><div class=\"fusion-separator fusion-full-width-sep\" style=\"align-self: center;margin-left: auto;margin-right: auto;margin-bottom:20px;width:100%;\"><\/div><div ><style>.fusion-button.button-1{border-radius:0px 0px 0px 0px;}<\/style><a class=\"fusion-button button-flat fusion-button-default-size button-default button-1 fusion-button-default-span fusion-button-default-type\" target=\"_self\" href=\"https:\/\/xexon.io\/vi\/about-us\/\"><i class=\"fa-angle-right fas button-icon-left\" aria-hidden=\"true\"><\/i><span class=\"fusion-button-text\">Nh\u1ea5n v\u00e0o \u0111\u00e2y \u0111\u1ec3 bi\u1ebft th\u00eam chi ti\u1ebft<\/span><\/a><\/div><div ><span class=\" fusion-imageframe imageframe-none imageframe-1 hover-type-none fusion-no-medium-visibility fusion-no-large-visibility\"><img decoding=\"async\" width=\"1211\" height=\"1188\" alt=\"Xexon Partner\" title=\"banking advantage base 002\" src=\"https:\/\/xexon.io\/wp-content\/uploads\/2022\/02\/banking-advantage-base-002.png\" class=\"img-responsive wp-image-4239\"\/><\/span><\/div><\/div><style type=\"text\/css\">.fusion-body .fusion-builder-column-0{width:50% !important;margin-top : 0px;margin-bottom : 0px;}.fusion-builder-column-0 > .fusion-column-wrapper {padding-top : 0px !important;padding-right : 0px !important;margin-right : 3.84%;padding-bottom : 60px !important;padding-left : 0px !important;margin-left : 3.84%;}@media only screen and (max-width:1024px) {.fusion-body .fusion-builder-column-0{width:100% !important;order : 0;}.fusion-builder-column-0 > .fusion-column-wrapper {margin-right : 1.92%;margin-left : 1.92%;}}@media only screen and (max-width:640px) {.fusion-body .fusion-builder-column-0{width:100% !important;order : 0;}.fusion-builder-column-0 > .fusion-column-wrapper {padding-top : 20px !important;margin-right : 1.92%;margin-left : 1.92%;}}<\/style><\/div><div class=\"fusion-layout-column fusion_builder_column fusion-builder-column-1 fusion_builder_column_1_2 1_2 fusion-flex-column fusion-no-small-visibility fusion-animated\" data-animationType=\"fadeInDown\" data-animationDuration=\"0.9\" data-animationOffset=\"top-into-view\"><div class=\"fusion-column-wrapper fusion-flex-justify-content-flex-start fusion-content-layout-column\" style=\"background-position:left top;background-repeat:no-repeat;-webkit-background-size:cover;-moz-background-size:cover;-o-background-size:cover;background-size:cover;padding: 0px 0px 60px 0px;\"><div ><span class=\" fusion-imageframe imageframe-none imageframe-2 hover-type-none\"><img decoding=\"async\" width=\"1211\" height=\"1188\" alt=\"Xexon Partner\" title=\"banking advantage base 002\" src=\"https:\/\/xexon.io\/wp-content\/uploads\/2022\/02\/banking-advantage-base-002.png\" class=\"img-responsive wp-image-4239\"\/><\/span><\/div><\/div><style type=\"text\/css\">.fusion-body .fusion-builder-column-1{width:50% !important;margin-top : 0px;margin-bottom : 0px;}.fusion-builder-column-1 > .fusion-column-wrapper {padding-top : 0px !important;padding-right : 0px !important;margin-right : 3.84%;padding-bottom : 60px !important;padding-left : 0px !important;margin-left : 3.84%;}@media only screen and (max-width:1024px) {.fusion-body .fusion-builder-column-1{width:100% !important;order : 0;}.fusion-builder-column-1 > .fusion-column-wrapper {margin-right : 1.92%;margin-left : 1.92%;}}@media only screen and (max-width:640px) {.fusion-body .fusion-builder-column-1{width:100% !important;order : 0;}.fusion-builder-column-1 > .fusion-column-wrapper {padding-top : 20px !important;margin-right : 1.92%;margin-left : 1.92%;}}<\/style><\/div><\/div><style type=\"text\/css\">.fusion-body .fusion-flex-container.fusion-builder-row-1{ padding-top : 7%;margin-top : 0px;padding-right : 0px;padding-bottom : 0px;margin-bottom : 0px;padding-left : 0px;}<\/style><\/div>\n","protected":false},"excerpt":{"rendered":"","protected":false},"author":1,"featured_media":0,"parent":0,"menu_order":0,"comment_status":"closed","ping_status":"closed","template":"100-width.php","meta":{"footnotes":""},"class_list":["post-4380","page","type-page","status-publish","hentry"],"yoast_head":"<!-- This site is optimized with the Yoast SEO Premium plugin v20.1 (Yoast SEO v24.9) - https:\/\/yoast.com\/wordpress\/plugins\/seo\/ -->\n<title>\u0110\u1ed1i t\u00e1c - Xexon<\/title>\n<meta name=\"robots\" content=\"index, follow, max-snippet:-1, max-image-preview:large, max-video-preview:-1\" \/>\n<link rel=\"canonical\" href=\"https:\/\/xexon.io\/vi\/partners\/\" \/>\n<meta property=\"og:locale\" content=\"vi_VN\" \/>\n<meta property=\"og:type\" content=\"article\" \/>\n<meta property=\"og:title\" content=\"\u0110\u1ed1i t\u00e1c\" \/>\n<meta property=\"og:url\" content=\"https:\/\/xexon.io\/vi\/partners\/\" \/>\n<meta property=\"og:site_name\" content=\"Xexon\" \/>\n<meta property=\"article:modified_time\" content=\"2022-06-26T16:16:00+00:00\" \/>\n<meta name=\"twitter:card\" content=\"summary_large_image\" \/>\n<meta name=\"twitter:label1\" content=\"Est. reading time\" \/>\n\t<meta name=\"twitter:data1\" content=\"6 minutes\" \/>\n<script type=\"application\/ld+json\" class=\"yoast-schema-graph\">{\"@context\":\"https:\/\/schema.org\",\"@graph\":[{\"@type\":\"WebPage\",\"@id\":\"https:\/\/xexon.io\/vi\/partners\/\",\"url\":\"https:\/\/xexon.io\/vi\/partners\/\",\"name\":\"\u0110\u1ed1i t\u00e1c - Xexon\",\"isPartOf\":{\"@id\":\"https:\/\/xexon.io\/ko\/#website\"},\"datePublished\":\"2022-02-01T02:03:33+00:00\",\"dateModified\":\"2022-06-26T16:16:00+00:00\",\"breadcrumb\":{\"@id\":\"https:\/\/xexon.io\/vi\/partners\/#breadcrumb\"},\"inLanguage\":\"vi-VN\",\"potentialAction\":[{\"@type\":\"ReadAction\",\"target\":[\"https:\/\/xexon.io\/vi\/partners\/\"]}]},{\"@type\":\"BreadcrumbList\",\"@id\":\"https:\/\/xexon.io\/vi\/partners\/#breadcrumb\",\"itemListElement\":[{\"@type\":\"ListItem\",\"position\":1,\"name\":\"Home\",\"item\":\"https:\/\/xexon.io\/vi\/\"},{\"@type\":\"ListItem\",\"position\":2,\"name\":\"\u0110\u1ed1i t\u00e1c\"}]},{\"@type\":\"WebSite\",\"@id\":\"https:\/\/xexon.io\/ko\/#website\",\"url\":\"https:\/\/xexon.io\/ko\/\",\"name\":\"Xexon\",\"description\":\"Bitcoin Debit Card for everyone\",\"publisher\":{\"@id\":\"https:\/\/xexon.io\/ko\/#organization\"},\"potentialAction\":[{\"@type\":\"SearchAction\",\"target\":{\"@type\":\"EntryPoint\",\"urlTemplate\":\"https:\/\/xexon.io\/ko\/?s={search_term_string}\"},\"query-input\":{\"@type\":\"PropertyValueSpecification\",\"valueRequired\":true,\"valueName\":\"search_term_string\"}}],\"inLanguage\":\"vi-VN\"},{\"@type\":\"Organization\",\"@id\":\"https:\/\/xexon.io\/ko\/#organization\",\"name\":\"Xexon\",\"url\":\"https:\/\/xexon.io\/ko\/\",\"logo\":{\"@type\":\"ImageObject\",\"inLanguage\":\"vi-VN\",\"@id\":\"https:\/\/xexon.io\/ko\/#\/schema\/logo\/image\/\",\"url\":\"https:\/\/xexon.io\/wp-content\/uploads\/2022\/01\/icon_0117_02.png\",\"contentUrl\":\"https:\/\/xexon.io\/wp-content\/uploads\/2022\/01\/icon_0117_02.png\",\"width\":150,\"height\":150,\"caption\":\"Xexon\"},\"image\":{\"@id\":\"https:\/\/xexon.io\/ko\/#\/schema\/logo\/image\/\"}}]}<\/script>\n<!-- \/ Yoast SEO Premium plugin. -->","yoast_head_json":{"title":"\u0110\u1ed1i t\u00e1c - Xexon","robots":{"index":"index","follow":"follow","max-snippet":"max-snippet:-1","max-image-preview":"max-image-preview:large","max-video-preview":"max-video-preview:-1"},"canonical":"https:\/\/xexon.io\/vi\/partners\/","og_locale":"vi_VN","og_type":"article","og_title":"\u0110\u1ed1i t\u00e1c","og_url":"https:\/\/xexon.io\/vi\/partners\/","og_site_name":"Xexon","article_modified_time":"2022-06-26T16:16:00+00:00","twitter_card":"summary_large_image","twitter_misc":{"Est. reading time":"6 minutes"},"schema":{"@context":"https:\/\/schema.org","@graph":[{"@type":"WebPage","@id":"https:\/\/xexon.io\/vi\/partners\/","url":"https:\/\/xexon.io\/vi\/partners\/","name":"\u0110\u1ed1i t\u00e1c - Xexon","isPartOf":{"@id":"https:\/\/xexon.io\/ko\/#website"},"datePublished":"2022-02-01T02:03:33+00:00","dateModified":"2022-06-26T16:16:00+00:00","breadcrumb":{"@id":"https:\/\/xexon.io\/vi\/partners\/#breadcrumb"},"inLanguage":"vi-VN","potentialAction":[{"@type":"ReadAction","target":["https:\/\/xexon.io\/vi\/partners\/"]}]},{"@type":"BreadcrumbList","@id":"https:\/\/xexon.io\/vi\/partners\/#breadcrumb","itemListElement":[{"@type":"ListItem","position":1,"name":"Home","item":"https:\/\/xexon.io\/vi\/"},{"@type":"ListItem","position":2,"name":"\u0110\u1ed1i t\u00e1c"}]},{"@type":"WebSite","@id":"https:\/\/xexon.io\/ko\/#website","url":"https:\/\/xexon.io\/ko\/","name":"Xexon","description":"Bitcoin Debit Card for everyone","publisher":{"@id":"https:\/\/xexon.io\/ko\/#organization"},"potentialAction":[{"@type":"SearchAction","target":{"@type":"EntryPoint","urlTemplate":"https:\/\/xexon.io\/ko\/?s={search_term_string}"},"query-input":{"@type":"PropertyValueSpecification","valueRequired":true,"valueName":"search_term_string"}}],"inLanguage":"vi-VN"},{"@type":"Organization","@id":"https:\/\/xexon.io\/ko\/#organization","name":"Xexon","url":"https:\/\/xexon.io\/ko\/","logo":{"@type":"ImageObject","inLanguage":"vi-VN","@id":"https:\/\/xexon.io\/ko\/#\/schema\/logo\/image\/","url":"https:\/\/xexon.io\/wp-content\/uploads\/2022\/01\/icon_0117_02.png","contentUrl":"https:\/\/xexon.io\/wp-content\/uploads\/2022\/01\/icon_0117_02.png","width":150,"height":150,"caption":"Xexon"},"image":{"@id":"https:\/\/xexon.io\/ko\/#\/schema\/logo\/image\/"}}]}},"_links":{"self":[{"href":"https:\/\/xexon.io\/vi\/wp-json\/wp\/v2\/pages\/4380","targetHints":{"allow":["GET"]}}],"collection":[{"href":"https:\/\/xexon.io\/vi\/wp-json\/wp\/v2\/pages"}],"about":[{"href":"https:\/\/xexon.io\/vi\/wp-json\/wp\/v2\/types\/page"}],"author":[{"embeddable":true,"href":"https:\/\/xexon.io\/vi\/wp-json\/wp\/v2\/users\/1"}],"replies":[{"embeddable":true,"href":"https:\/\/xexon.io\/vi\/wp-json\/wp\/v2\/comments?post=4380"}],"version-history":[{"count":11,"href":"https:\/\/xexon.io\/vi\/wp-json\/wp\/v2\/pages\/4380\/revisions"}],"predecessor-version":[{"id":5043,"href":"https:\/\/xexon.io\/vi\/wp-json\/wp\/v2\/pages\/4380\/revisions\/5043"}],"wp:attachment":[{"href":"https:\/\/xexon.io\/vi\/wp-json\/wp\/v2\/media?parent=4380"}],"curies":[{"name":"wp","href":"https:\/\/api.w.org\/{rel}","templated":true}]}}